{"id":2344,"date":"2021-03-22T12:25:22","date_gmt":"2021-03-22T17:25:22","guid":{"rendered":"https:\/\/www.stoptheclot.org\/spreadtheword\/?page_id=2344"},"modified":"2021-03-26T09:34:37","modified_gmt":"2021-03-26T14:34:37","slug":"pregnancy-risk-checklist-spanish","status":"publish","type":"page","link":"https:\/\/www.stoptheclot.org\/spreadtheword\/pregnancy-risk-checklist-spanish\/","title":{"rendered":"Conozca sus riesgos"},"content":{"rendered":"[vc_row css=&#8221;.vc_custom_1565108755911{margin-top: 30px !important;}&#8221;][vc_column][mk_fancy_title tag_name=&#8221;span&#8221; margin_bottom=&#8221;0&#8243; font_family=&#8221;none&#8221;]<a href=\"https:\/\/www.stoptheclot.org\/spreadtheword\/wp-content\/uploads\/2021\/03\/nbca2001.pregnancy-spanish-risks-32221.pdf\" target=\"_blank\" rel=\"noopener noreferrer\">Descargar<\/a> <span class=\"file-details\">[PDF \u2013664 KB]<\/span>[\/mk_fancy_title][\/vc_column][\/vc_row][vc_row css=&#8221;.vc_custom_1595881393648{margin-top: 20px !important;margin-bottom: 30px !important;background-color: #ffffff !important;}&#8221;][vc_column width=&#8221;5\/6&#8243;][mk_image src=&#8221;https:\/\/www.stoptheclot.org\/spreadtheword\/wp-content\/uploads\/2020\/10\/stop-the-clot-header-spanish.jpg&#8221; image_size=&#8221;full&#8221; margin_bottom=&#8221;0&#8243;][\/vc_column][vc_column width=&#8221;1\/6&#8243;][mk_image src=&#8221;https:\/\/www.stoptheclot.org\/spreadtheword\/wp-content\/uploads\/2020\/07\/pregnancy-icon.png&#8221; image_size=&#8221;full&#8221; align=&#8221;center&#8221; margin_bottom=&#8221;0&#8243;][\/vc_column][\/vc_row][vc_row css=&#8221;.vc_custom_1595881377884{background-color: #ffffff !important;}&#8221;][vc_column][mk_fancy_title color=&#8221;#b11b29&#8243; size=&#8221;36&#8243; font_weight=&#8221;400&#8243; txt_transform=&#8221;none&#8221; margin_bottom=&#8221;0&#8243; font_family=&#8221;none&#8221; align=&#8221;center&#8221;]Lista de verificaci\u00f3n del riesgo de presentar co\u00e1gulos de sangre[\/mk_fancy_title][vc_column_text align=&#8221;center&#8221; css=&#8221;.vc_custom_1616434042931{margin-bottom: 0px !important;}&#8221;]\n<p style=\"text-align: center;\"><strong>Determine el riesgo que tiene durante el embarazo o en los 3 meses inmediatamente siguientes al parto<\/strong><br \/>\nMarque la casilla que est\u00e1 al lado de cada riesgo que usted podr\u00eda tener y comparta esta informaci\u00f3n con su m\u00e9dico o proveedor de atenci\u00f3n m\u00e9dica.<\/p>\n[\/vc_column_text][\/vc_column][\/vc_row][vc_row css=&#8221;.vc_custom_1565106061756{margin-top: 15px !important;background-color: #af1f2d !important;}&#8221;][vc_column][mk_fancy_title color=&#8221;#ffffff&#8221; size=&#8221;28&#8243; font_weight=&#8221;bold&#8221; margin_top=&#8221;18&#8243; margin_bottom=&#8221;0&#8243; font_family=&#8221;none&#8221; align=&#8221;center&#8221;]\n<p style=\"text-align: center;\">Riesgos de presentar co\u00e1gulos de sangre asociados al embarazo<\/p>\n[\/mk_fancy_title][\/vc_column][\/vc_row][vc_row css=&#8221;.vc_custom_1565703419970{padding-top: 30px !important;padding-right: 30px !important;padding-bottom: 30px !important;padding-left: 30px !important;background-color: #ffffff !important;}&#8221;][vc_column][mk_custom_list style=&#8221;mk-moon-checkbox-unchecked-2&#8243; icon_color=&#8221;#0a0000&#8243; margin_bottom=&#8221;0&#8243;]\n<ul>\n<li>Inmovilidad prolongada por guardar reposo en cama durante el embarazo o durante la recuperaci\u00f3n despu\u00e9s del parto<\/li>\n<li>Parto por ces\u00e1rea<\/li>\n<li>Un co\u00e1gulo de sangre anterior, antecedentes familiares de co\u00e1gulos de sangre o un trastorno gen\u00e9tico de la coagulaci\u00f3n<\/li>\n<li>Embarazo a los 35 a\u00f1os o m\u00e1s<\/li>\n<li>Ciertas situaciones y complicaciones del embarazo, como embarazos m\u00faltiples o uso de tratamientos de fertilidad con hormonas<\/li>\n<\/ul>\n[\/mk_custom_list][\/vc_column][\/vc_row][vc_row css=&#8221;.vc_custom_1565106061756{margin-top: 15px !important;background-color: #af1f2d !important;}&#8221;][vc_column][mk_fancy_title color=&#8221;#ffffff&#8221; size=&#8221;28&#8243; font_weight=&#8221;bold&#8221; margin_top=&#8221;18&#8243; margin_bottom=&#8221;0&#8243; font_family=&#8221;none&#8221; align=&#8221;center&#8221;]\n<p class=\"p1\" style=\"text-align: center;\">Otros factores de riesgo de presentar co\u00e1gulos de sangre<\/p>\n[\/mk_fancy_title][\/vc_column][\/vc_row][vc_row css=&#8221;.vc_custom_1565703888769{padding-top: 30px !important;padding-right: 30px !important;padding-bottom: 30px !important;padding-left: 30px !important;background-color: #ffffff !important;}&#8221;][vc_column][mk_custom_list style=&#8221;mk-moon-checkbox-unchecked-2&#8243; icon_color=&#8221;#0a0000&#8243; margin_bottom=&#8221;0&#8243;]\n<ul>\n<li>Tabaquismo<\/li>\n<li>Sobrepeso u obesidad<\/li>\n<li>Pasar mucho tiempo sentada, como al viajar por m\u00e1s de 4 horas, especialmente con las piernas cruzadas<\/li>\n<li>Enfermedades de largo plazo, como las afecciones cardiacas y pulmonares o la diabetes<\/li>\n<\/ul>\n[\/mk_custom_list][\/vc_column][\/vc_row][vc_row css=&#8221;.vc_custom_1565704250220{margin-bottom: 30px !important;background-color: #ffffff !important;}&#8221;][vc_column][mk_fancy_title color=&#8221;#b11f2a&#8221; size=&#8221;20&#8243; margin_top=&#8221;18&#8243; margin_bottom=&#8221;0&#8243; font_family=&#8221;none&#8221; align=&#8221;center&#8221;]Si tiene alguno de estos riesgos, hable con su proveedor de atenci\u00f3n m\u00e9dica. Para obtener m\u00e1s informaci\u00f3n, visite <a href=\"https:\/\/www.stoptheclot.org\/spreadtheword\/es\/?lang=es\"><strong>stoptheclot.org\/spreadtheword\/es\/?lang=es.<\/strong><\/a>[\/mk_fancy_title][\/vc_column][\/vc_row]\n","protected":false},"excerpt":{"rendered":"<p>[vc_row css=&#8221;.vc_custom_1565108755911{margin-top: 30px !important;}&#8221;][vc_column][mk_fancy_title tag_name=&#8221;span&#8221; margin_bottom=&#8221;0&#8243; font_family=&#8221;none&#8221;]Descargar [PDF \u2013664 KB][\/mk_fancy_title][\/vc_column][\/vc_row][vc_row css=&#8221;.vc_custom_1595881393648{margin-top: 20px !important;margin-bottom: 30px !important;background-color: #ffffff !important;}&#8221;][vc_column width=&#8221;5\/6&#8243;][mk_image src=&#8221;https:\/\/www.stoptheclot.org\/spreadtheword\/wp-content\/uploads\/2020\/10\/stop-the-clot-header-spanish.jpg&#8221; image_size=&#8221;full&#8221; margin_bottom=&#8221;0&#8243;][\/vc_column][vc_column width=&#8221;1\/6&#8243;][mk_image src=&#8221;https:\/\/www.stoptheclot.org\/spreadtheword\/wp-content\/uploads\/2020\/07\/pregnancy-icon.png&#8221; image_size=&#8221;full&#8221; align=&#8221;center&#8221; margin_bottom=&#8221;0&#8243;][\/vc_column][\/vc_row][vc_row css=&#8221;.vc_custom_1595881377884{background-color: #ffffff !important;}&#8221;][vc_column][mk_fancy_title color=&#8221;#b11b29&#8243; size=&#8221;36&#8243; font_weight=&#8221;400&#8243; txt_transform=&#8221;none&#8221; margin_bottom=&#8221;0&#8243; font_family=&#8221;none&#8221; align=&#8221;center&#8221;]Lista de verificaci\u00f3n del riesgo de presentar co\u00e1gulos de sangre[\/mk_fancy_title][vc_column_text align=&#8221;center&#8221; css=&#8221;.vc_custom_1616434042931{margin-bottom: 0px !important;}&#8221;] Determine el riesgo que tiene durante [&hellip;]<\/p>\n","protected":false},"author":5,"featured_media":0,"parent":0,"menu_order":0,"comment_status":"closed","ping_status":"closed","template":"","meta":[],"acf":[],"yoast_head":"<!-- This site is optimized with the Yoast SEO plugin v19.6.1 - https:\/\/yoast.com\/wordpress\/plugins\/seo\/ -->\n<title>Conozca sus riesgos - Stop The Clot, Spread The Word\u00ae<\/title>\n<meta name=\"robots\" content=\"index, follow, max-snippet:-1, max-image-preview:large, max-video-preview:-1\" \/>\n<link rel=\"canonical\" href=\"https:\/\/www.stoptheclot.org\/spreadtheword\/pregnancy-risk-checklist-spanish\/\" \/>\n<meta property=\"og:locale\" content=\"en_US\" \/>\n<meta property=\"og:type\" content=\"article\" \/>\n<meta property=\"og:title\" content=\"Conozca sus riesgos - Stop The Clot, Spread The Word\u00ae\" \/>\n<meta property=\"og:description\" content=\"[vc_row css=&#8221;.vc_custom_1565108755911{margin-top: 30px !important;}&#8221;][vc_column][mk_fancy_title tag_name=&#8221;span&#8221; margin_bottom=&#8221;0&#8243; font_family=&#8221;none&#8221;]Descargar [PDF \u2013664 KB][\/mk_fancy_title][\/vc_column][\/vc_row][vc_row css=&#8221;.vc_custom_1595881393648{margin-top: 20px !important;margin-bottom: 30px !important;background-color: #ffffff !important;}&#8221;][vc_column width=&#8221;5\/6&#8243;][mk_image src=&#8221;https:\/\/www.stoptheclot.org\/spreadtheword\/wp-content\/uploads\/2020\/10\/stop-the-clot-header-spanish.jpg&#8221; image_size=&#8221;full&#8221; margin_bottom=&#8221;0&#8243;][\/vc_column][vc_column width=&#8221;1\/6&#8243;][mk_image src=&#8221;https:\/\/www.stoptheclot.org\/spreadtheword\/wp-content\/uploads\/2020\/07\/pregnancy-icon.png&#8221; image_size=&#8221;full&#8221; align=&#8221;center&#8221; margin_bottom=&#8221;0&#8243;][\/vc_column][\/vc_row][vc_row css=&#8221;.vc_custom_1595881377884{background-color: #ffffff !important;}&#8221;][vc_column][mk_fancy_title color=&#8221;#b11b29&#8243; size=&#8221;36&#8243; font_weight=&#8221;400&#8243; txt_transform=&#8221;none&#8221; margin_bottom=&#8221;0&#8243; font_family=&#8221;none&#8221; align=&#8221;center&#8221;]Lista de verificaci\u00f3n del riesgo de presentar co\u00e1gulos de sangre[\/mk_fancy_title][vc_column_text align=&#8221;center&#8221; css=&#8221;.vc_custom_1616434042931{margin-bottom: 0px !important;}&#8221;] Determine el riesgo que tiene durante [&hellip;]\" \/>\n<meta property=\"og:url\" content=\"https:\/\/www.stoptheclot.org\/spreadtheword\/pregnancy-risk-checklist-spanish\/\" \/>\n<meta property=\"og:site_name\" content=\"Stop The Clot, Spread The Word\u00ae\" \/>\n<meta property=\"article:modified_time\" content=\"2021-03-26T14:34:37+00:00\" \/>\n<meta name=\"twitter:label1\" content=\"Est. reading time\" \/>\n\t<meta name=\"twitter:data1\" content=\"3 minutes\" \/>\n<script type=\"application\/ld+json\" class=\"yoast-schema-graph\">{\"@context\":\"https:\/\/schema.org\",\"@graph\":[{\"@type\":\"WebPage\",\"@id\":\"https:\/\/www.stoptheclot.org\/spreadtheword\/pregnancy-risk-checklist-spanish\/\",\"url\":\"https:\/\/www.stoptheclot.org\/spreadtheword\/pregnancy-risk-checklist-spanish\/\",\"name\":\"Conozca sus riesgos - Stop The Clot, Spread The Word\u00ae\",\"isPartOf\":{\"@id\":\"https:\/\/www.stoptheclot.org\/spreadtheword\/#website\"},\"datePublished\":\"2021-03-22T17:25:22+00:00\",\"dateModified\":\"2021-03-26T14:34:37+00:00\",\"breadcrumb\":{\"@id\":\"https:\/\/www.stoptheclot.org\/spreadtheword\/pregnancy-risk-checklist-spanish\/#breadcrumb\"},\"inLanguage\":\"en-US\",\"potentialAction\":[{\"@type\":\"ReadAction\",\"target\":[\"https:\/\/www.stoptheclot.org\/spreadtheword\/pregnancy-risk-checklist-spanish\/\"]}]},{\"@type\":\"BreadcrumbList\",\"@id\":\"https:\/\/www.stoptheclot.org\/spreadtheword\/pregnancy-risk-checklist-spanish\/#breadcrumb\",\"itemListElement\":[{\"@type\":\"ListItem\",\"position\":1,\"name\":\"Home\",\"item\":\"https:\/\/www.stoptheclot.org\/spreadtheword\/\"},{\"@type\":\"ListItem\",\"position\":2,\"name\":\"Conozca sus riesgos\"}]},{\"@type\":\"WebSite\",\"@id\":\"https:\/\/www.stoptheclot.org\/spreadtheword\/#website\",\"url\":\"https:\/\/www.stoptheclot.org\/spreadtheword\/\",\"name\":\"Stop The Clot, Spread The Word\u00ae\",\"description\":\"\",\"potentialAction\":[{\"@type\":\"SearchAction\",\"target\":{\"@type\":\"EntryPoint\",\"urlTemplate\":\"https:\/\/www.stoptheclot.org\/spreadtheword\/?s={search_term_string}\"},\"query-input\":\"required name=search_term_string\"}],\"inLanguage\":\"en-US\"}]}<\/script>\n<!-- \/ Yoast SEO plugin. -->","yoast_head_json":{"title":"Conozca sus riesgos - Stop The Clot, Spread The Word\u00ae","robots":{"index":"index","follow":"follow","max-snippet":"max-snippet:-1","max-image-preview":"max-image-preview:large","max-video-preview":"max-video-preview:-1"},"canonical":"https:\/\/www.stoptheclot.org\/spreadtheword\/pregnancy-risk-checklist-spanish\/","og_locale":"en_US","og_type":"article","og_title":"Conozca sus riesgos - Stop The Clot, Spread The Word\u00ae","og_description":"[vc_row css=&#8221;.vc_custom_1565108755911{margin-top: 30px !important;}&#8221;][vc_column][mk_fancy_title tag_name=&#8221;span&#8221; margin_bottom=&#8221;0&#8243; font_family=&#8221;none&#8221;]Descargar [PDF \u2013664 KB][\/mk_fancy_title][\/vc_column][\/vc_row][vc_row css=&#8221;.vc_custom_1595881393648{margin-top: 20px !important;margin-bottom: 30px !important;background-color: #ffffff !important;}&#8221;][vc_column width=&#8221;5\/6&#8243;][mk_image src=&#8221;https:\/\/www.stoptheclot.org\/spreadtheword\/wp-content\/uploads\/2020\/10\/stop-the-clot-header-spanish.jpg&#8221; image_size=&#8221;full&#8221; margin_bottom=&#8221;0&#8243;][\/vc_column][vc_column width=&#8221;1\/6&#8243;][mk_image src=&#8221;https:\/\/www.stoptheclot.org\/spreadtheword\/wp-content\/uploads\/2020\/07\/pregnancy-icon.png&#8221; image_size=&#8221;full&#8221; align=&#8221;center&#8221; margin_bottom=&#8221;0&#8243;][\/vc_column][\/vc_row][vc_row css=&#8221;.vc_custom_1595881377884{background-color: #ffffff !important;}&#8221;][vc_column][mk_fancy_title color=&#8221;#b11b29&#8243; size=&#8221;36&#8243; font_weight=&#8221;400&#8243; txt_transform=&#8221;none&#8221; margin_bottom=&#8221;0&#8243; font_family=&#8221;none&#8221; align=&#8221;center&#8221;]Lista de verificaci\u00f3n del riesgo de presentar co\u00e1gulos de sangre[\/mk_fancy_title][vc_column_text align=&#8221;center&#8221; css=&#8221;.vc_custom_1616434042931{margin-bottom: 0px !important;}&#8221;] Determine el riesgo que tiene durante [&hellip;]","og_url":"https:\/\/www.stoptheclot.org\/spreadtheword\/pregnancy-risk-checklist-spanish\/","og_site_name":"Stop The Clot, Spread The Word\u00ae","article_modified_time":"2021-03-26T14:34:37+00:00","twitter_misc":{"Est. reading time":"3 minutes"},"schema":{"@context":"https:\/\/schema.org","@graph":[{"@type":"WebPage","@id":"https:\/\/www.stoptheclot.org\/spreadtheword\/pregnancy-risk-checklist-spanish\/","url":"https:\/\/www.stoptheclot.org\/spreadtheword\/pregnancy-risk-checklist-spanish\/","name":"Conozca sus riesgos - Stop The Clot, Spread The Word\u00ae","isPartOf":{"@id":"https:\/\/www.stoptheclot.org\/spreadtheword\/#website"},"datePublished":"2021-03-22T17:25:22+00:00","dateModified":"2021-03-26T14:34:37+00:00","breadcrumb":{"@id":"https:\/\/www.stoptheclot.org\/spreadtheword\/pregnancy-risk-checklist-spanish\/#breadcrumb"},"inLanguage":"en-US","potentialAction":[{"@type":"ReadAction","target":["https:\/\/www.stoptheclot.org\/spreadtheword\/pregnancy-risk-checklist-spanish\/"]}]},{"@type":"BreadcrumbList","@id":"https:\/\/www.stoptheclot.org\/spreadtheword\/pregnancy-risk-checklist-spanish\/#breadcrumb","itemListElement":[{"@type":"ListItem","position":1,"name":"Home","item":"https:\/\/www.stoptheclot.org\/spreadtheword\/"},{"@type":"ListItem","position":2,"name":"Conozca sus riesgos"}]},{"@type":"WebSite","@id":"https:\/\/www.stoptheclot.org\/spreadtheword\/#website","url":"https:\/\/www.stoptheclot.org\/spreadtheword\/","name":"Stop The Clot, Spread The Word\u00ae","description":"","potentialAction":[{"@type":"SearchAction","target":{"@type":"EntryPoint","urlTemplate":"https:\/\/www.stoptheclot.org\/spreadtheword\/?s={search_term_string}"},"query-input":"required name=search_term_string"}],"inLanguage":"en-US"}]}},"_links":{"self":[{"href":"https:\/\/www.stoptheclot.org\/spreadtheword\/wp-json\/wp\/v2\/pages\/2344"}],"collection":[{"href":"https:\/\/www.stoptheclot.org\/spreadtheword\/wp-json\/wp\/v2\/pages"}],"about":[{"href":"https:\/\/www.stoptheclot.org\/spreadtheword\/wp-json\/wp\/v2\/types\/page"}],"author":[{"embeddable":true,"href":"https:\/\/www.stoptheclot.org\/spreadtheword\/wp-json\/wp\/v2\/users\/5"}],"replies":[{"embeddable":true,"href":"https:\/\/www.stoptheclot.org\/spreadtheword\/wp-json\/wp\/v2\/comments?post=2344"}],"version-history":[{"count":8,"href":"https:\/\/www.stoptheclot.org\/spreadtheword\/wp-json\/wp\/v2\/pages\/2344\/revisions"}],"predecessor-version":[{"id":2399,"href":"https:\/\/www.stoptheclot.org\/spreadtheword\/wp-json\/wp\/v2\/pages\/2344\/revisions\/2399"}],"wp:attachment":[{"href":"https:\/\/www.stoptheclot.org\/spreadtheword\/wp-json\/wp\/v2\/media?parent=2344"}],"curies":[{"name":"wp","href":"https:\/\/api.w.org\/{rel}","templated":true}]}}