{"id":2330,"date":"2021-03-22T11:50:05","date_gmt":"2021-03-22T16:50:05","guid":{"rendered":"https:\/\/www.stoptheclot.org\/spreadtheword\/?page_id=2330"},"modified":"2021-03-26T09:23:45","modified_gmt":"2021-03-26T14:23:45","slug":"pregnancy-risks-infographic-spanish","status":"publish","type":"page","link":"https:\/\/www.stoptheclot.org\/spreadtheword\/pregnancy-risks-infographic-spanish\/","title":{"rendered":"Infografia Embarazo"},"content":{"rendered":"[vc_row css=&#8221;.vc_custom_1565108755911{margin-top: 30px !important;}&#8221;][vc_column][mk_fancy_title tag_name=&#8221;span&#8221; margin_bottom=&#8221;0&#8243; font_family=&#8221;none&#8221;]<span class=\"file-details\"><a href=\"https:\/\/www.stoptheclot.org\/spreadtheword\/wp-content\/uploads\/2021\/03\/nbca2001.pregnancy-spanish-infographic-32221.pdf\">Descargar <\/a>[PDF \u2013 870 KB]<\/span>[\/mk_fancy_title][\/vc_column][\/vc_row][vc_row css=&#8221;.vc_custom_1565108775900{margin-top: 20px !important;background-color: #af1f2d !important;}&#8221;][vc_column][mk_image src=&#8221;https:\/\/www.stoptheclot.org\/spreadtheword\/wp-content\/uploads\/2020\/10\/stop-the-clot-spread-the-word-banner-spanish.png&#8221; image_size=&#8221;full&#8221; margin_bottom=&#8221;0&#8243;][\/vc_column][\/vc_row][vc_row css=&#8221;.vc_custom_1595879321861{margin-top: 30px !important;}&#8221;][vc_column width=&#8221;1\/4&#8243;][mk_image src=&#8221;https:\/\/www.stoptheclot.org\/spreadtheword\/wp-content\/uploads\/2020\/07\/pregnancy-icon.png&#8221; image_size=&#8221;full&#8221; align=&#8221;center&#8221; margin_bottom=&#8221;0&#8243;][\/vc_column][vc_column width=&#8221;3\/4&#8243;][mk_fancy_title tag_name=&#8221;h1&#8243; color=&#8221;#454545&#8243; size=&#8221;48&#8243; font_weight=&#8221;900&#8243; txt_transform=&#8221;uppercase&#8221; margin_bottom=&#8221;0&#8243; font_family=&#8221;none&#8221;]\n<h2>\u00bfEst\u00e1 esperando o acaba de tener un beb\u00e9? No deje que un co\u00e1gulo de sangre le arruine su alegr\u00eda.<\/h2>\n[\/mk_fancy_title][mk_fancy_title color=&#8221;#af1e2d&#8221; size=&#8221;22&#8243; margin_bottom=&#8221;0&#8243; font_family=&#8221;none&#8221;]Inf\u00f3rmese sobre los co\u00e1gulos de sangre peligrosos.[\/mk_fancy_title][\/vc_column][\/vc_row][vc_row css=&#8221;.vc_custom_1595879721350{margin-top: 30px !important;padding-top: 30px !important;padding-right: 20px !important;padding-bottom: 30px !important;padding-left: 20px !important;background-color: #f1f1f1 !important;}&#8221;][vc_column][mk_fancy_title color=&#8221;#b11b29&#8243; size=&#8221;22&#8243; font_weight=&#8221;400&#8243; txt_transform=&#8221;none&#8221; margin_bottom=&#8221;0&#8243; font_family=&#8221;none&#8221; align=&#8221;center&#8221;]Los co\u00e1gulos de sangre durante el embarazo pueden ser peligrosos para la madre y tambi\u00e9n para el beb\u00e9 en gestaci\u00f3n porque le pueden cortar el flujo sangre que le llega.[\/mk_fancy_title][\/vc_column][vc_column width=&#8221;1\/3&#8243;][vc_column_text css=&#8221;.vc_custom_1616432101409{margin-bottom: 0px !important;border-top-width: 1px !important;border-right-width: 1px !important;border-bottom-width: 1px !important;border-left-width: 1px !important;padding-top: 20px !important;padding-right: 20px !important;padding-bottom: 20px !important;padding-left: 20px !important;background-color: #ffffff !important;border-left-color: #bfbfbf !important;border-left-style: solid !important;border-right-color: #bfbfbf !important;border-right-style: solid !important;border-top-color: #bfbfbf !important;border-top-style: solid !important;border-bottom-color: #bfbfbf !important;border-bottom-style: solid !important;border-radius: 1px !important;}&#8221;]\n<p style=\"text-align: center;\">Los co\u00e1gulos de sangre en los pulmones son una de las <strong>causas m\u00e1s comunes<\/strong> de muerte relacionada con el embarazo en los Estados EE. UU.<\/p>\n[\/vc_column_text][\/vc_column][vc_column width=&#8221;1\/3&#8243;][vc_column_text css=&#8221;.vc_custom_1616622522011{margin-bottom: 0px !important;border-top-width: 1px !important;border-right-width: 1px !important;border-bottom-width: 1px !important;border-left-width: 1px !important;padding-top: 20px !important;padding-right: 20px !important;padding-bottom: 20px !important;padding-left: 20px !important;background-color: #ffffff !important;border-left-color: #b5b5b5 !important;border-left-style: solid !important;border-right-color: #b5b5b5 !important;border-right-style: solid !important;border-top-color: #b5b5b5 !important;border-top-style: solid !important;border-bottom-color: #b5b5b5 !important;border-bottom-style: solid !important;}&#8221;]\n<p style=\"text-align: center;\">En las mujeres el riesgo de presentar un co\u00e1gulo de sangre<br \/>\npeligroso es <strong>cinco veces<\/strong> m\u00e1s alto durante el embarazo.<\/p>\n[\/vc_column_text][\/vc_column][vc_column width=&#8221;1\/3&#8243;][vc_column_text css=&#8221;.vc_custom_1616432118171{margin-bottom: 0px !important;border-top-width: 1px !important;border-right-width: 1px !important;border-bottom-width: 1px !important;border-left-width: 1px !important;padding-top: 20px !important;padding-right: 20px !important;padding-bottom: 20px !important;padding-left: 20px !important;background-color: #ffffff !important;border-left-color: #999999 !important;border-left-style: solid !important;border-right-color: #999999 !important;border-right-style: solid !important;border-top-color: #999999 !important;border-top-style: solid !important;border-bottom-color: #999999 !important;border-bottom-style: solid !important;border-radius: 1px !important;}&#8221;]\n<p style=\"text-align: center;\">Los partos por operaci\u00f3n ces\u00e1rea pr\u00e1cticamente <strong>duplican<\/strong> este riesgo.<\/p>\n[\/vc_column_text][\/vc_column][\/vc_row][vc_row css=&#8221;.vc_custom_1595879648678{padding-top: 20px !important;padding-right: 20px !important;padding-bottom: 20px !important;padding-left: 20px !important;background-color: #af1e2d !important;}&#8221;][vc_column width=&#8221;1\/4&#8243;][mk_image src=&#8221;https:\/\/www.stoptheclot.org\/spreadtheword\/wp-content\/uploads\/2020\/07\/pregnancy-icon-white.png&#8221; image_size=&#8221;full&#8221; align=&#8221;center&#8221; margin_bottom=&#8221;0&#8243;][\/vc_column][vc_column width=&#8221;3\/4&#8243;][mk_fancy_title color=&#8221;#ffffff&#8221; size=&#8221;22&#8243; margin_bottom=&#8221;0&#8243; font_family=&#8221;none&#8221;]Los co\u00e1gulos de sangre se pueden formar en las piernas o los brazos, y pueden desprenderse y llegar a los pulmones, lo cual puede ser potencialmente mortal.[\/mk_fancy_title][\/vc_column][\/vc_row][vc_row css=&#8221;.vc_custom_1595880044926{margin-top: 30px !important;}&#8221;][vc_column width=&#8221;1\/4&#8243;][mk_image src=&#8221;https:\/\/www.stoptheclot.org\/spreadtheword\/wp-content\/uploads\/2020\/07\/pregnacy-profile.png&#8221; image_size=&#8221;full&#8221; align=&#8221;center&#8221; margin_bottom=&#8221;0&#8243;][\/vc_column][vc_column width=&#8221;3\/4&#8243;][mk_fancy_title color=&#8221;#af1e2d&#8221; size=&#8221;22&#8243; font_family=&#8221;none&#8221;]Factores que aumentan el riesgo de presentar un co\u00e1gulo de sangre durante el embarazo, el parto y el periodo de posparto:[\/mk_fancy_title][mk_custom_list style=&#8221;mk-icon-circle&#8221;]\n<ul>\n<li>Un co\u00e1gulo de sangre anterior, antecedentes familiares de co\u00e1gulos de sangre o un trastorno gen\u00e9tico de la coagulaci\u00f3n<\/li>\n<li>Sobrepeso u obesidad<\/li>\n<li>Tabaquismo<\/li>\n<li>Parto por ces\u00e1rea<\/li>\n<li>Inmovilidad prolongada o actividad reducida, como al guardar reposo en cama, viajar o recuperarse despu\u00e9s del parto<\/li>\n<li>Embarazo a los 35 a\u00f1os o m\u00e1s<\/li>\n<li>Ciertas situaciones y complicaciones del embarazo, como los embarazos m\u00faltiples o el uso de tratamientos de fertilidad con hormonas<\/li>\n<\/ul>\n[\/mk_custom_list][\/vc_column][\/vc_row][vc_row css=&#8221;.vc_custom_1595880453755{margin-bottom: 30px !important;padding-top: 30px !important;padding-right: 20px !important;padding-bottom: 30px !important;padding-left: 20px !important;background-color: #f4f4f4 !important;}&#8221;][vc_column][mk_fancy_title color=&#8221;#af1e2d&#8221; size=&#8221;22&#8243; font_weight=&#8221;400&#8243; txt_transform=&#8221;none&#8221; margin_bottom=&#8221;&#8221; font_family=&#8221;none&#8221; align=&#8221;center&#8221;]Al prepararse para la llegada del beb\u00e9, no se olvide de cuidar de s\u00ed misma.[\/mk_fancy_title][vc_column_text align=&#8221;center&#8221; css=&#8221;.vc_custom_1616432309393{margin-bottom: 0px !important;}&#8221;]\n<p style=\"text-align: center;\">Las mujeres est\u00e1n en mayor riesgo de tener un co\u00e1gulo de sangre peligroso durante todo el embarazo, el parto y hasta tres meses despu\u00e9s de nacido el beb\u00e9.<\/p>\n[\/vc_column_text][mk_image src=&#8221;https:\/\/www.stoptheclot.org\/spreadtheword\/wp-content\/uploads\/2021\/03\/nbca-pregnancy-spanish-risk-ig.png&#8221; image_size=&#8221;full&#8221; align=&#8221;center&#8221; margin_bottom=&#8221;30&#8243;][vc_column_text css=&#8221;.vc_custom_1616432323070{margin-bottom: 0px !important;}&#8221;]\n<p style=\"text-align: center;\">Cuando usted se cuida, tambi\u00e9n cuida al beb\u00e9 en gestaci\u00f3n.<\/p>\n[\/vc_column_text][\/vc_column][\/vc_row][vc_row css=&#8221;.vc_custom_1594741342474{margin-bottom: 20px !important;background-color: #ffffff !important;}&#8221;][vc_column][mk_fancy_title size=&#8221;22&#8243; font_family=&#8221;none&#8221;]\n<p style=\"text-align: center;\">La mayor\u00eda los co\u00e1gulos de sangre se pueden prevenir. Hable con el m\u00e9dico, conozca su riesgo y trabaje con su proveedor de atenci\u00f3n m\u00e9dica para prevenir los co\u00e1gulos de sangre.<\/p>\n[\/mk_fancy_title][vc_row_inner][vc_column_inner width=&#8221;1\/2&#8243;][mk_custom_list style=&#8221;mk-icon-check-circle&#8221;]\n<ul>\n<li>Hable con su familia acerca de sus antecedentes m\u00e9dicos y d\u00edgale al m\u00e9dico si usted o alguien en su familia han tenido co\u00e1gulos de sangre alguna vez.<\/li>\n<li>Hable con su m\u00e9dico sobre todos los posibles riesgos que tiene de que se le formen co\u00e1gulos de sangre.<\/li>\n<li>Trabaje con el m\u00e9dico para reducir el riesgo de tener co\u00e1gulos de sangre, especialmente si est\u00e1 guardando reposo en cama o tuvo una ces\u00e1rea.<\/li>\n<\/ul>\n[\/mk_custom_list][\/vc_column_inner][vc_column_inner width=&#8221;1\/2&#8243;][mk_custom_list style=&#8221;mk-icon-check-circle&#8221;]\n<ul>\n<li>Haga tanto ejercicio como le recomiende el m\u00e9dico. Si pasa mucho tiempo sentada, mu\u00e9vase o ejercite las piernas con cada 1-2 horas.<\/li>\n<li>Beba abundantes l\u00edquidos. Se recomienda que las mujeres tomen 10 vasos de l\u00edquido todos los d\u00edas mientras est\u00e9n embarazadas y de 12 a 13 mientras est\u00e9n amamantando.<\/li>\n<li>Tome los medicamentos y use los dispositivos de compresi\u00f3n seg\u00fan se lo hayan recetado.<\/li>\n<\/ul>\n[\/mk_custom_list][\/vc_column_inner][\/vc_row_inner][\/vc_column][\/vc_row][vc_row css=&#8221;.vc_custom_1595880557816{padding-top: 20px !important;padding-right: 20px !important;padding-bottom: 20px !important;padding-left: 20px !important;background-color: #f4f4f4 !important;}&#8221;][vc_column][mk_fancy_title color=&#8221;#b11b29&#8243; size=&#8221;22&#8243; font_family=&#8221;none&#8221; align=&#8221;center&#8221;]La mayor\u00eda de los co\u00e1gulos de sangre se pueden tratar. D\u00edgale a su m\u00e9dico si presenta alguno de los s\u00edntomas de los co\u00e1gulos de sangre.[\/mk_fancy_title][\/vc_column][vc_column width=&#8221;1\/2&#8243;][mk_image src=&#8221;https:\/\/www.stoptheclot.org\/spreadtheword\/wp-content\/uploads\/2015\/01\/leg-arm-icon.png&#8221; image_size=&#8221;full&#8221; align=&#8221;center&#8221;][vc_column_text align=&#8221;center&#8221; css=&#8221;.vc_custom_1616432676780{margin-bottom: 0px !important;}&#8221;]\n<p style=\"text-align: center;\"><strong>LOS S\u00cdNTOMAS DE UN CO\u00c1GULO DE SANGRE EN LOS<br \/>\nBRAZOS O LAS PIERNAS PUEDEN INCLUIR:<\/strong><\/p>\n<p style=\"text-align: center;\">\u2013 Hinchaz\u00f3n \u2013<br \/>\n\u2013 Pain or tenderness not caused by injury \u2013<br \/>\n\u2013 Dolor o sensibilidad que no son causados por una lesi\u00f3n \u2013<br \/>\n\u2013 Piel que se siente caliente al tacto \u2013<br \/>\n\u2013 Enrojecimiento o cambio de color en la piel \u2013<\/p>\n<p style=\"text-align: center;\">Si tiene cualquiera de estos signos o s\u00edntomas, alerte al m\u00e9dico lo antes posible.<\/p>\n[\/vc_column_text][\/vc_column][vc_column width=&#8221;1\/2&#8243;][mk_image src=&#8221;https:\/\/www.stoptheclot.org\/spreadtheword\/wp-content\/uploads\/2015\/01\/lungs-icon-e1423093079194.png&#8221; image_size=&#8221;full&#8221; align=&#8221;center&#8221;][vc_column_text align=&#8221;center&#8221; css=&#8221;.vc_custom_1616432611211{margin-bottom: 0px !important;}&#8221;]\n<p style=\"text-align: center;\"><strong>LOS S\u00cdNTOMAS DE UN CO\u00c1GULO DE SANGRE EN EL PULM\u00d3N PUEDEN INCLUIR:<\/strong><\/p>\n<p style=\"text-align: center;\">\u2013 Dificultad para respirar \u2013<br \/>\n\u2013 Dolor de pecho que empeora al respirar hondo o toser \u2013<br \/>\n\u2013 Tos con sangre \u2013<br \/>\n\u2013 Latidos del coraz\u00f3n m\u00e1s r\u00e1pidos de lo normal o irregulares \u2013<\/p>\n<p style=\"text-align: center;\">Busque atenci\u00f3n de inmediato si presenta alguno de estos signos o s\u00edntomas.<\/p>\n[\/vc_column_text][\/vc_column][\/vc_row][vc_row css=&#8221;.vc_custom_1565114602285{margin-bottom: 30px !important;background-color: #af1f2d !important;}&#8221;][vc_column][mk_fancy_title color=&#8221;#ffffff&#8221; size=&#8221;28&#8243; margin_top=&#8221;18&#8243; margin_bottom=&#8221;0&#8243; font_family=&#8221;none&#8221; align=&#8221;center&#8221;]Para obtener m\u00e1s informaci\u00f3n sobre los co\u00e1gulos de sangre y para correr la voz, visite <strong><a href=\"https:\/\/www.stoptheclot.org\/spreadtheword\/es\/?lang=es\">stoptheclot.org\/spreadtheword\/es\/?lang=es<\/a><\/strong>[\/mk_fancy_title][\/vc_column][\/vc_row]\n","protected":false},"excerpt":{"rendered":"<p>[vc_row css=&#8221;.vc_custom_1565108755911{margin-top: 30px !important;}&#8221;][vc_column][mk_fancy_title tag_name=&#8221;span&#8221; margin_bottom=&#8221;0&#8243; font_family=&#8221;none&#8221;]Descargar [PDF \u2013 870 KB][\/mk_fancy_title][\/vc_column][\/vc_row][vc_row css=&#8221;.vc_custom_1565108775900{margin-top: 20px !important;background-color: #af1f2d !important;}&#8221;][vc_column][mk_image src=&#8221;https:\/\/www.stoptheclot.org\/spreadtheword\/wp-content\/uploads\/2020\/10\/stop-the-clot-spread-the-word-banner-spanish.png&#8221; image_size=&#8221;full&#8221; margin_bottom=&#8221;0&#8243;][\/vc_column][\/vc_row][vc_row css=&#8221;.vc_custom_1595879321861{margin-top: 30px !important;}&#8221;][vc_column width=&#8221;1\/4&#8243;][mk_image src=&#8221;https:\/\/www.stoptheclot.org\/spreadtheword\/wp-content\/uploads\/2020\/07\/pregnancy-icon.png&#8221; image_size=&#8221;full&#8221; align=&#8221;center&#8221; margin_bottom=&#8221;0&#8243;][\/vc_column][vc_column width=&#8221;3\/4&#8243;][mk_fancy_title tag_name=&#8221;h1&#8243; color=&#8221;#454545&#8243; size=&#8221;48&#8243; font_weight=&#8221;900&#8243; txt_transform=&#8221;uppercase&#8221; margin_bottom=&#8221;0&#8243; font_family=&#8221;none&#8221;] \u00bfEst\u00e1 esperando o acaba de tener un beb\u00e9? No deje que un co\u00e1gulo de sangre le arruine su alegr\u00eda. [\/mk_fancy_title][mk_fancy_title [&hellip;]<\/p>\n","protected":false},"author":5,"featured_media":0,"parent":0,"menu_order":0,"comment_status":"closed","ping_status":"closed","template":"","meta":[],"acf":[],"yoast_head":"<!-- This site is optimized with the Yoast SEO plugin v19.6.1 - https:\/\/yoast.com\/wordpress\/plugins\/seo\/ -->\n<title>Infografia Embarazo - Stop The Clot, Spread The Word\u00ae<\/title>\n<meta name=\"robots\" content=\"index, follow, max-snippet:-1, max-image-preview:large, max-video-preview:-1\" \/>\n<link rel=\"canonical\" href=\"https:\/\/www.stoptheclot.org\/spreadtheword\/pregnancy-risks-infographic-spanish\/\" \/>\n<meta property=\"og:locale\" content=\"en_US\" \/>\n<meta property=\"og:type\" content=\"article\" \/>\n<meta property=\"og:title\" content=\"Infografia Embarazo - Stop The Clot, Spread The Word\u00ae\" \/>\n<meta property=\"og:description\" content=\"[vc_row css=&#8221;.vc_custom_1565108755911{margin-top: 30px !important;}&#8221;][vc_column][mk_fancy_title tag_name=&#8221;span&#8221; margin_bottom=&#8221;0&#8243; font_family=&#8221;none&#8221;]Descargar [PDF \u2013 870 KB][\/mk_fancy_title][\/vc_column][\/vc_row][vc_row css=&#8221;.vc_custom_1565108775900{margin-top: 20px !important;background-color: #af1f2d !important;}&#8221;][vc_column][mk_image src=&#8221;https:\/\/www.stoptheclot.org\/spreadtheword\/wp-content\/uploads\/2020\/10\/stop-the-clot-spread-the-word-banner-spanish.png&#8221; image_size=&#8221;full&#8221; margin_bottom=&#8221;0&#8243;][\/vc_column][\/vc_row][vc_row css=&#8221;.vc_custom_1595879321861{margin-top: 30px !important;}&#8221;][vc_column width=&#8221;1\/4&#8243;][mk_image src=&#8221;https:\/\/www.stoptheclot.org\/spreadtheword\/wp-content\/uploads\/2020\/07\/pregnancy-icon.png&#8221; image_size=&#8221;full&#8221; align=&#8221;center&#8221; margin_bottom=&#8221;0&#8243;][\/vc_column][vc_column width=&#8221;3\/4&#8243;][mk_fancy_title tag_name=&#8221;h1&#8243; color=&#8221;#454545&#8243; size=&#8221;48&#8243; font_weight=&#8221;900&#8243; txt_transform=&#8221;uppercase&#8221; margin_bottom=&#8221;0&#8243; font_family=&#8221;none&#8221;] \u00bfEst\u00e1 esperando o acaba de tener un beb\u00e9? No deje que un co\u00e1gulo de sangre le arruine su alegr\u00eda. [\/mk_fancy_title][mk_fancy_title [&hellip;]\" \/>\n<meta property=\"og:url\" content=\"https:\/\/www.stoptheclot.org\/spreadtheword\/pregnancy-risks-infographic-spanish\/\" \/>\n<meta property=\"og:site_name\" content=\"Stop The Clot, Spread The Word\u00ae\" \/>\n<meta property=\"article:modified_time\" content=\"2021-03-26T14:23:45+00:00\" \/>\n<meta name=\"twitter:label1\" content=\"Est. reading time\" \/>\n\t<meta name=\"twitter:data1\" content=\"8 minutes\" \/>\n<script type=\"application\/ld+json\" class=\"yoast-schema-graph\">{\"@context\":\"https:\/\/schema.org\",\"@graph\":[{\"@type\":\"WebPage\",\"@id\":\"https:\/\/www.stoptheclot.org\/spreadtheword\/pregnancy-risks-infographic-spanish\/\",\"url\":\"https:\/\/www.stoptheclot.org\/spreadtheword\/pregnancy-risks-infographic-spanish\/\",\"name\":\"Infografia Embarazo - Stop The Clot, Spread The Word\u00ae\",\"isPartOf\":{\"@id\":\"https:\/\/www.stoptheclot.org\/spreadtheword\/#website\"},\"datePublished\":\"2021-03-22T16:50:05+00:00\",\"dateModified\":\"2021-03-26T14:23:45+00:00\",\"breadcrumb\":{\"@id\":\"https:\/\/www.stoptheclot.org\/spreadtheword\/pregnancy-risks-infographic-spanish\/#breadcrumb\"},\"inLanguage\":\"en-US\",\"potentialAction\":[{\"@type\":\"ReadAction\",\"target\":[\"https:\/\/www.stoptheclot.org\/spreadtheword\/pregnancy-risks-infographic-spanish\/\"]}]},{\"@type\":\"BreadcrumbList\",\"@id\":\"https:\/\/www.stoptheclot.org\/spreadtheword\/pregnancy-risks-infographic-spanish\/#breadcrumb\",\"itemListElement\":[{\"@type\":\"ListItem\",\"position\":1,\"name\":\"Home\",\"item\":\"https:\/\/www.stoptheclot.org\/spreadtheword\/\"},{\"@type\":\"ListItem\",\"position\":2,\"name\":\"Infografia Embarazo\"}]},{\"@type\":\"WebSite\",\"@id\":\"https:\/\/www.stoptheclot.org\/spreadtheword\/#website\",\"url\":\"https:\/\/www.stoptheclot.org\/spreadtheword\/\",\"name\":\"Stop The Clot, Spread The Word\u00ae\",\"description\":\"\",\"potentialAction\":[{\"@type\":\"SearchAction\",\"target\":{\"@type\":\"EntryPoint\",\"urlTemplate\":\"https:\/\/www.stoptheclot.org\/spreadtheword\/?s={search_term_string}\"},\"query-input\":\"required name=search_term_string\"}],\"inLanguage\":\"en-US\"}]}<\/script>\n<!-- \/ Yoast SEO plugin. -->","yoast_head_json":{"title":"Infografia Embarazo - Stop The Clot, Spread The Word\u00ae","robots":{"index":"index","follow":"follow","max-snippet":"max-snippet:-1","max-image-preview":"max-image-preview:large","max-video-preview":"max-video-preview:-1"},"canonical":"https:\/\/www.stoptheclot.org\/spreadtheword\/pregnancy-risks-infographic-spanish\/","og_locale":"en_US","og_type":"article","og_title":"Infografia Embarazo - Stop The Clot, Spread The Word\u00ae","og_description":"[vc_row css=&#8221;.vc_custom_1565108755911{margin-top: 30px !important;}&#8221;][vc_column][mk_fancy_title tag_name=&#8221;span&#8221; margin_bottom=&#8221;0&#8243; font_family=&#8221;none&#8221;]Descargar [PDF \u2013 870 KB][\/mk_fancy_title][\/vc_column][\/vc_row][vc_row css=&#8221;.vc_custom_1565108775900{margin-top: 20px !important;background-color: #af1f2d !important;}&#8221;][vc_column][mk_image src=&#8221;https:\/\/www.stoptheclot.org\/spreadtheword\/wp-content\/uploads\/2020\/10\/stop-the-clot-spread-the-word-banner-spanish.png&#8221; image_size=&#8221;full&#8221; margin_bottom=&#8221;0&#8243;][\/vc_column][\/vc_row][vc_row css=&#8221;.vc_custom_1595879321861{margin-top: 30px !important;}&#8221;][vc_column width=&#8221;1\/4&#8243;][mk_image src=&#8221;https:\/\/www.stoptheclot.org\/spreadtheword\/wp-content\/uploads\/2020\/07\/pregnancy-icon.png&#8221; image_size=&#8221;full&#8221; align=&#8221;center&#8221; margin_bottom=&#8221;0&#8243;][\/vc_column][vc_column width=&#8221;3\/4&#8243;][mk_fancy_title tag_name=&#8221;h1&#8243; color=&#8221;#454545&#8243; size=&#8221;48&#8243; font_weight=&#8221;900&#8243; txt_transform=&#8221;uppercase&#8221; margin_bottom=&#8221;0&#8243; font_family=&#8221;none&#8221;] \u00bfEst\u00e1 esperando o acaba de tener un beb\u00e9? No deje que un co\u00e1gulo de sangre le arruine su alegr\u00eda. [\/mk_fancy_title][mk_fancy_title [&hellip;]","og_url":"https:\/\/www.stoptheclot.org\/spreadtheword\/pregnancy-risks-infographic-spanish\/","og_site_name":"Stop The Clot, Spread The Word\u00ae","article_modified_time":"2021-03-26T14:23:45+00:00","twitter_misc":{"Est. reading time":"8 minutes"},"schema":{"@context":"https:\/\/schema.org","@graph":[{"@type":"WebPage","@id":"https:\/\/www.stoptheclot.org\/spreadtheword\/pregnancy-risks-infographic-spanish\/","url":"https:\/\/www.stoptheclot.org\/spreadtheword\/pregnancy-risks-infographic-spanish\/","name":"Infografia Embarazo - Stop The Clot, Spread The Word\u00ae","isPartOf":{"@id":"https:\/\/www.stoptheclot.org\/spreadtheword\/#website"},"datePublished":"2021-03-22T16:50:05+00:00","dateModified":"2021-03-26T14:23:45+00:00","breadcrumb":{"@id":"https:\/\/www.stoptheclot.org\/spreadtheword\/pregnancy-risks-infographic-spanish\/#breadcrumb"},"inLanguage":"en-US","potentialAction":[{"@type":"ReadAction","target":["https:\/\/www.stoptheclot.org\/spreadtheword\/pregnancy-risks-infographic-spanish\/"]}]},{"@type":"BreadcrumbList","@id":"https:\/\/www.stoptheclot.org\/spreadtheword\/pregnancy-risks-infographic-spanish\/#breadcrumb","itemListElement":[{"@type":"ListItem","position":1,"name":"Home","item":"https:\/\/www.stoptheclot.org\/spreadtheword\/"},{"@type":"ListItem","position":2,"name":"Infografia Embarazo"}]},{"@type":"WebSite","@id":"https:\/\/www.stoptheclot.org\/spreadtheword\/#website","url":"https:\/\/www.stoptheclot.org\/spreadtheword\/","name":"Stop The Clot, Spread The Word\u00ae","description":"","potentialAction":[{"@type":"SearchAction","target":{"@type":"EntryPoint","urlTemplate":"https:\/\/www.stoptheclot.org\/spreadtheword\/?s={search_term_string}"},"query-input":"required name=search_term_string"}],"inLanguage":"en-US"}]}},"_links":{"self":[{"href":"https:\/\/www.stoptheclot.org\/spreadtheword\/wp-json\/wp\/v2\/pages\/2330"}],"collection":[{"href":"https:\/\/www.stoptheclot.org\/spreadtheword\/wp-json\/wp\/v2\/pages"}],"about":[{"href":"https:\/\/www.stoptheclot.org\/spreadtheword\/wp-json\/wp\/v2\/types\/page"}],"author":[{"embeddable":true,"href":"https:\/\/www.stoptheclot.org\/spreadtheword\/wp-json\/wp\/v2\/users\/5"}],"replies":[{"embeddable":true,"href":"https:\/\/www.stoptheclot.org\/spreadtheword\/wp-json\/wp\/v2\/comments?post=2330"}],"version-history":[{"count":7,"href":"https:\/\/www.stoptheclot.org\/spreadtheword\/wp-json\/wp\/v2\/pages\/2330\/revisions"}],"predecessor-version":[{"id":2394,"href":"https:\/\/www.stoptheclot.org\/spreadtheword\/wp-json\/wp\/v2\/pages\/2330\/revisions\/2394"}],"wp:attachment":[{"href":"https:\/\/www.stoptheclot.org\/spreadtheword\/wp-json\/wp\/v2\/media?parent=2330"}],"curies":[{"name":"wp","href":"https:\/\/api.w.org\/{rel}","templated":true}]}}