{"id":2295,"date":"2020-10-01T15:16:42","date_gmt":"2020-10-01T20:16:42","guid":{"rendered":"https:\/\/www.stoptheclot.org\/spreadtheword\/?page_id=2295"},"modified":"2020-10-01T15:26:50","modified_gmt":"2020-10-01T20:26:50","slug":"cancer-symptoms-2","status":"publish","type":"page","link":"https:\/\/www.stoptheclot.org\/spreadtheword\/cancer-symptoms-2\/","title":{"rendered":"S\u00edntomas de c\u00e1ncer"},"content":{"rendered":"[vc_row css=&#8221;.vc_custom_1565108755911{margin-top: 30px !important;}&#8221;][vc_column][mk_fancy_title tag_name=&#8221;span&#8221; margin_bottom=&#8221;0&#8243; font_family=&#8221;none&#8221;]<a href=\"https:\/\/www.stoptheclot.org\/spreadtheword\/wp-content\/uploads\/2020\/10\/cancer-risks_spanish.pdf\" target=\"_blank\" rel=\"noopener noreferrer\">Descargar<\/a>\u00a0<span class=\"file-details\">[PDF \u2013 987 KB]<\/span>[\/mk_fancy_title][\/vc_column][\/vc_row][vc_row css=&#8221;.vc_custom_1565707382039{margin-top: 20px !important;background-color: #ffffff !important;}&#8221;][vc_column width=&#8221;5\/6&#8243;][mk_image src=&#8221;https:\/\/www.stoptheclot.org\/spreadtheword\/wp-content\/uploads\/2020\/10\/stop-the-clot-header-spanish.jpg&#8221; image_size=&#8221;full&#8221; margin_bottom=&#8221;0&#8243;][\/vc_column][vc_column width=&#8221;1\/6&#8243;][mk_image src=&#8221;https:\/\/www.stoptheclot.org\/spreadtheword\/wp-content\/uploads\/2019\/08\/oncology-ribbon-icon.png&#8221; image_size=&#8221;full&#8221; align=&#8221;center&#8221; margin_bottom=&#8221;0&#8243;][\/vc_column][\/vc_row][vc_row css=&#8221;.vc_custom_1565706944736{padding-top: 30px !important;padding-right: 30px !important;padding-bottom: 30px !important;padding-left: 30px !important;background-color: #ffffff !important;}&#8221;][vc_column][mk_fancy_title color=&#8221;#af1f2d&#8221; size=&#8221;28&#8243; margin_bottom=&#8221;0&#8243; font_family=&#8221;none&#8221; align=&#8221;center&#8221;]\n<p style=\"text-align: center;\">El c\u00e1ncer y algunos tratamientos contra el c\u00e1ncer pueden aumentar el riesgo de presentar co\u00e1gulos de sangre.<\/p>\n[\/mk_fancy_title][mk_fancy_title tag_name=&#8221;h3&#8243; color=&#8221;#0a0a0a&#8221; size=&#8221;22&#8243; margin_bottom=&#8221;0&#8243; font_family=&#8221;none&#8221; align=&#8221;center&#8221;]\n<p style=\"text-align: center;\">Si usted tiene c\u00e1ncer o est\u00e1 recibiendo tratamiento contra esta enfermedad, es importante que conozca los signos y s\u00edntomas de los co\u00e1gulos de sangre.<\/p>\n[\/mk_fancy_title][\/vc_column][\/vc_row][vc_row css=&#8221;.vc_custom_1565108135272{padding-right: 30px !important;padding-left: 30px !important;background-color: #f1f1f1 !important;}&#8221;][vc_column][mk_fancy_title tag_name=&#8221;h3&#8243; color=&#8221;#af1f2d&#8221; size=&#8221;18&#8243; margin_top=&#8221;18&#8243; margin_bottom=&#8221;0&#8243; font_family=&#8221;none&#8221; align=&#8221;center&#8221;]\n<p class=\"p1\" style=\"text-align: center;\"><strong>Comun\u00edquese con su onc\u00f3logo (m\u00e9dico especializado en c\u00e1ncer) si tiene alguno de estos signos o s\u00edntomas de los co\u00e1gulos de sangre.<\/strong><\/p>\n[\/mk_fancy_title][\/vc_column][\/vc_row][vc_row css=&#8221;.vc_custom_1565107439775{margin-top: 20px !important;margin-bottom: 20px !important;}&#8221;][vc_column][vc_column_text align=&#8221;center&#8221; css=&#8221;.vc_custom_1601583873441{margin-bottom: 0px !important;}&#8221;]\n<p style=\"text-align: center;\">Los signos y s\u00edntomas de los co\u00e1gulos de sangre en la pierna o el brazo de una persona pueden incluir:<\/p>\n[\/vc_column_text][\/vc_column][\/vc_row][vc_row][vc_column width=&#8221;1\/4&#8243;][mk_image src=&#8221;https:\/\/www.stoptheclot.org\/spreadtheword\/wp-content\/uploads\/2017\/06\/swelling-icon-1.png&#8221; image_size=&#8221;full&#8221; align=&#8221;center&#8221;][vc_column_text align=&#8221;center&#8221; css=&#8221;.vc_custom_1601583886456{margin-bottom: 0px !important;}&#8221;]\n<p style=\"text-align: center;\">Hinchaz\u00f3n<\/p>\n[\/vc_column_text][\/vc_column][vc_column width=&#8221;1\/4&#8243;][mk_image src=&#8221;https:\/\/www.stoptheclot.org\/spreadtheword\/wp-content\/uploads\/2017\/06\/pain-tenderness-icon-1.png&#8221; image_size=&#8221;full&#8221; align=&#8221;center&#8221;][vc_column_text align=&#8221;center&#8221; css=&#8221;.vc_custom_1601583898968{margin-bottom: 0px !important;}&#8221;]\n<p style=\"text-align: center;\">Dolor o sensibilidad que no son causados por una lesi\u00f3n<\/p>\n[\/vc_column_text][\/vc_column][vc_column width=&#8221;1\/4&#8243;][mk_image src=&#8221;https:\/\/www.stoptheclot.org\/spreadtheword\/wp-content\/uploads\/2017\/06\/warm-skin-icon-1.png&#8221; image_size=&#8221;full&#8221; align=&#8221;center&#8221;][vc_column_text align=&#8221;center&#8221; css=&#8221;.vc_custom_1601583907946{margin-bottom: 0px !important;}&#8221;]\n<p style=\"text-align: center;\">Piel que se siente caliente al tacto<\/p>\n[\/vc_column_text][\/vc_column][vc_column width=&#8221;1\/4&#8243;][mk_image src=&#8221;https:\/\/www.stoptheclot.org\/spreadtheword\/wp-content\/uploads\/2017\/06\/redness-icon-1.png&#8221; image_size=&#8221;full&#8221; align=&#8221;center&#8221;][vc_column_text align=&#8221;center&#8221; css=&#8221;.vc_custom_1601583917979{margin-bottom: 0px !important;}&#8221;]\n<p style=\"text-align: center;\">Enrojecimiento o descoloraci\u00f3n de la piel<\/p>\n[\/vc_column_text][\/vc_column][\/vc_row][vc_row css=&#8221;.vc_custom_1565108135272{padding-right: 30px !important;padding-left: 30px !important;background-color: #f1f1f1 !important;}&#8221;][vc_column][mk_fancy_title tag_name=&#8221;h3&#8243; color=&#8221;#af1f2d&#8221; size=&#8221;18&#8243; margin_top=&#8221;18&#8243; margin_bottom=&#8221;0&#8243; font_family=&#8221;none&#8221; align=&#8221;center&#8221;]\n<p class=\"p1\" style=\"text-align: center;\"><strong>Busque atenci\u00f3n m\u00e9dica de inmediato si presenta alguno de estos signos o s\u00edntomas de los co\u00e1gulos de sangre.<\/strong><\/p>\n[\/mk_fancy_title][\/vc_column][\/vc_row][vc_row css=&#8221;.vc_custom_1565107439775{margin-top: 20px !important;margin-bottom: 20px !important;}&#8221;][vc_column][vc_column_text align=&#8221;center&#8221; css=&#8221;.vc_custom_1601583938408{margin-bottom: 0px !important;}&#8221;]\n<p style=\"text-align: center;\">Los signos y s\u00edntomas de un co\u00e1gulo de sangre en el pulm\u00f3n de una persona pueden incluir:<\/p>\n[\/vc_column_text][\/vc_column][\/vc_row][vc_row][vc_column width=&#8221;1\/4&#8243;][mk_image src=&#8221;https:\/\/www.stoptheclot.org\/spreadtheword\/wp-content\/uploads\/2017\/06\/difficult-breathing-icon-1.png&#8221; image_size=&#8221;full&#8221; align=&#8221;center&#8221;][vc_column_text align=&#8221;center&#8221; css=&#8221;.vc_custom_1601583947353{margin-bottom: 0px !important;}&#8221;]\n<p style=\"text-align: center;\">Dificultad para respirar<\/p>\n[\/vc_column_text][\/vc_column][vc_column width=&#8221;1\/4&#8243;][mk_image src=&#8221;https:\/\/www.stoptheclot.org\/spreadtheword\/wp-content\/uploads\/2017\/06\/chest-pain-icon-1.png&#8221; image_size=&#8221;full&#8221; align=&#8221;center&#8221;][vc_column_text align=&#8221;center&#8221; css=&#8221;.vc_custom_1601583955701{margin-bottom: 0px !important;}&#8221;]\n<p style=\"text-align: center;\">Dolor en el pecho, que empeora con una inhalaci\u00f3n profunda o tos<\/p>\n[\/vc_column_text][\/vc_column][vc_column width=&#8221;1\/4&#8243;][mk_image src=&#8221;https:\/\/www.stoptheclot.org\/spreadtheword\/wp-content\/uploads\/2019\/05\/coughing-blood-icon-1.png&#8221; image_size=&#8221;full&#8221; align=&#8221;center&#8221;][vc_column_text align=&#8221;center&#8221; css=&#8221;.vc_custom_1601583964037{margin-bottom: 0px !important;}&#8221;]\n<p style=\"text-align: center;\">Tos con sangre<\/p>\n[\/vc_column_text][\/vc_column][vc_column width=&#8221;1\/4&#8243;][mk_image src=&#8221;https:\/\/www.stoptheclot.org\/spreadtheword\/wp-content\/uploads\/2017\/06\/faster-heart-icon-1.png&#8221; image_size=&#8221;full&#8221; align=&#8221;center&#8221;][vc_column_text align=&#8221;center&#8221; css=&#8221;.vc_custom_1601583971744{margin-bottom: 0px !important;}&#8221;]\n<p style=\"text-align: center;\">Latidos del coraz\u00f3n m\u00e1s r\u00e1pidos de lo normal o irregulares<\/p>\n[\/vc_column_text][\/vc_column][\/vc_row][vc_row css=&#8221;.vc_custom_1565707055714{margin-bottom: 30px !important;background-color: #ffffff !important;}&#8221;][vc_column][mk_fancy_title color=&#8221;#0a0a0a&#8221; size=&#8221;20&#8243; margin_top=&#8221;18&#8243; margin_bottom=&#8221;0&#8243; font_family=&#8221;none&#8221; align=&#8221;center&#8221;]Para obtener m\u00e1s informaci\u00f3n, visite <a style=\"color: #af1f2d;\" href=\"https:\/\/www.stoptheclot.org\/spreadtheword\/es\/?lang=es\">stoptheclot.org\/spreadtheword<\/a>[\/mk_fancy_title][\/vc_column][\/vc_row]\n","protected":false},"excerpt":{"rendered":"<p>[vc_row css=&#8221;.vc_custom_1565108755911{margin-top: 30px !important;}&#8221;][vc_column][mk_fancy_title tag_name=&#8221;span&#8221; margin_bottom=&#8221;0&#8243; font_family=&#8221;none&#8221;]Descargar\u00a0[PDF \u2013 987 KB][\/mk_fancy_title][\/vc_column][\/vc_row][vc_row css=&#8221;.vc_custom_1565707382039{margin-top: 20px !important;background-color: #ffffff !important;}&#8221;][vc_column width=&#8221;5\/6&#8243;][mk_image src=&#8221;https:\/\/www.stoptheclot.org\/spreadtheword\/wp-content\/uploads\/2020\/10\/stop-the-clot-header-spanish.jpg&#8221; image_size=&#8221;full&#8221; margin_bottom=&#8221;0&#8243;][\/vc_column][vc_column width=&#8221;1\/6&#8243;][mk_image src=&#8221;https:\/\/www.stoptheclot.org\/spreadtheword\/wp-content\/uploads\/2019\/08\/oncology-ribbon-icon.png&#8221; image_size=&#8221;full&#8221; align=&#8221;center&#8221; margin_bottom=&#8221;0&#8243;][\/vc_column][\/vc_row][vc_row css=&#8221;.vc_custom_1565706944736{padding-top: 30px !important;padding-right: 30px !important;padding-bottom: 30px !important;padding-left: 30px !important;background-color: #ffffff !important;}&#8221;][vc_column][mk_fancy_title color=&#8221;#af1f2d&#8221; size=&#8221;28&#8243; margin_bottom=&#8221;0&#8243; font_family=&#8221;none&#8221; align=&#8221;center&#8221;] El c\u00e1ncer y algunos tratamientos contra el c\u00e1ncer pueden aumentar el riesgo de presentar co\u00e1gulos [&hellip;]<\/p>\n","protected":false},"author":2,"featured_media":0,"parent":0,"menu_order":0,"comment_status":"closed","ping_status":"closed","template":"","meta":[],"acf":[],"yoast_head":"<!-- This site is optimized with the Yoast SEO plugin v19.6.1 - https:\/\/yoast.com\/wordpress\/plugins\/seo\/ -->\n<title>S\u00edntomas de c\u00e1ncer - Stop The Clot, Spread The Word\u00ae<\/title>\n<meta name=\"robots\" content=\"index, follow, max-snippet:-1, max-image-preview:large, max-video-preview:-1\" \/>\n<link rel=\"canonical\" href=\"https:\/\/www.stoptheclot.org\/spreadtheword\/cancer-symptoms-2\/\" \/>\n<meta property=\"og:locale\" content=\"en_US\" \/>\n<meta property=\"og:type\" content=\"article\" \/>\n<meta property=\"og:title\" content=\"S\u00edntomas de c\u00e1ncer - Stop The Clot, Spread The Word\u00ae\" \/>\n<meta property=\"og:description\" content=\"[vc_row css=&#8221;.vc_custom_1565108755911{margin-top: 30px !important;}&#8221;][vc_column][mk_fancy_title tag_name=&#8221;span&#8221; margin_bottom=&#8221;0&#8243; font_family=&#8221;none&#8221;]Descargar\u00a0[PDF \u2013 987 KB][\/mk_fancy_title][\/vc_column][\/vc_row][vc_row css=&#8221;.vc_custom_1565707382039{margin-top: 20px !important;background-color: #ffffff !important;}&#8221;][vc_column width=&#8221;5\/6&#8243;][mk_image src=&#8221;https:\/\/www.stoptheclot.org\/spreadtheword\/wp-content\/uploads\/2020\/10\/stop-the-clot-header-spanish.jpg&#8221; image_size=&#8221;full&#8221; margin_bottom=&#8221;0&#8243;][\/vc_column][vc_column width=&#8221;1\/6&#8243;][mk_image src=&#8221;https:\/\/www.stoptheclot.org\/spreadtheword\/wp-content\/uploads\/2019\/08\/oncology-ribbon-icon.png&#8221; image_size=&#8221;full&#8221; align=&#8221;center&#8221; margin_bottom=&#8221;0&#8243;][\/vc_column][\/vc_row][vc_row css=&#8221;.vc_custom_1565706944736{padding-top: 30px !important;padding-right: 30px !important;padding-bottom: 30px !important;padding-left: 30px !important;background-color: #ffffff !important;}&#8221;][vc_column][mk_fancy_title color=&#8221;#af1f2d&#8221; size=&#8221;28&#8243; margin_bottom=&#8221;0&#8243; font_family=&#8221;none&#8221; align=&#8221;center&#8221;] El c\u00e1ncer y algunos tratamientos contra el c\u00e1ncer pueden aumentar el riesgo de presentar co\u00e1gulos [&hellip;]\" \/>\n<meta property=\"og:url\" content=\"https:\/\/www.stoptheclot.org\/spreadtheword\/cancer-symptoms-2\/\" \/>\n<meta property=\"og:site_name\" content=\"Stop The Clot, Spread The Word\u00ae\" \/>\n<meta property=\"article:modified_time\" content=\"2020-10-01T20:26:50+00:00\" \/>\n<meta name=\"twitter:label1\" content=\"Est. reading time\" \/>\n\t<meta name=\"twitter:data1\" content=\"4 minutes\" \/>\n<script type=\"application\/ld+json\" class=\"yoast-schema-graph\">{\"@context\":\"https:\/\/schema.org\",\"@graph\":[{\"@type\":\"WebPage\",\"@id\":\"https:\/\/www.stoptheclot.org\/spreadtheword\/cancer-symptoms-2\/\",\"url\":\"https:\/\/www.stoptheclot.org\/spreadtheword\/cancer-symptoms-2\/\",\"name\":\"S\u00edntomas de c\u00e1ncer - Stop The Clot, Spread The Word\u00ae\",\"isPartOf\":{\"@id\":\"https:\/\/www.stoptheclot.org\/spreadtheword\/#website\"},\"datePublished\":\"2020-10-01T20:16:42+00:00\",\"dateModified\":\"2020-10-01T20:26:50+00:00\",\"breadcrumb\":{\"@id\":\"https:\/\/www.stoptheclot.org\/spreadtheword\/cancer-symptoms-2\/#breadcrumb\"},\"inLanguage\":\"en-US\",\"potentialAction\":[{\"@type\":\"ReadAction\",\"target\":[\"https:\/\/www.stoptheclot.org\/spreadtheword\/cancer-symptoms-2\/\"]}]},{\"@type\":\"BreadcrumbList\",\"@id\":\"https:\/\/www.stoptheclot.org\/spreadtheword\/cancer-symptoms-2\/#breadcrumb\",\"itemListElement\":[{\"@type\":\"ListItem\",\"position\":1,\"name\":\"Home\",\"item\":\"https:\/\/www.stoptheclot.org\/spreadtheword\/\"},{\"@type\":\"ListItem\",\"position\":2,\"name\":\"S\u00edntomas de c\u00e1ncer\"}]},{\"@type\":\"WebSite\",\"@id\":\"https:\/\/www.stoptheclot.org\/spreadtheword\/#website\",\"url\":\"https:\/\/www.stoptheclot.org\/spreadtheword\/\",\"name\":\"Stop The Clot, Spread The Word\u00ae\",\"description\":\"\",\"potentialAction\":[{\"@type\":\"SearchAction\",\"target\":{\"@type\":\"EntryPoint\",\"urlTemplate\":\"https:\/\/www.stoptheclot.org\/spreadtheword\/?s={search_term_string}\"},\"query-input\":\"required name=search_term_string\"}],\"inLanguage\":\"en-US\"}]}<\/script>\n<!-- \/ Yoast SEO plugin. -->","yoast_head_json":{"title":"S\u00edntomas de c\u00e1ncer - Stop The Clot, Spread The Word\u00ae","robots":{"index":"index","follow":"follow","max-snippet":"max-snippet:-1","max-image-preview":"max-image-preview:large","max-video-preview":"max-video-preview:-1"},"canonical":"https:\/\/www.stoptheclot.org\/spreadtheword\/cancer-symptoms-2\/","og_locale":"en_US","og_type":"article","og_title":"S\u00edntomas de c\u00e1ncer - Stop The Clot, Spread The Word\u00ae","og_description":"[vc_row css=&#8221;.vc_custom_1565108755911{margin-top: 30px !important;}&#8221;][vc_column][mk_fancy_title tag_name=&#8221;span&#8221; margin_bottom=&#8221;0&#8243; font_family=&#8221;none&#8221;]Descargar\u00a0[PDF \u2013 987 KB][\/mk_fancy_title][\/vc_column][\/vc_row][vc_row css=&#8221;.vc_custom_1565707382039{margin-top: 20px !important;background-color: #ffffff !important;}&#8221;][vc_column width=&#8221;5\/6&#8243;][mk_image src=&#8221;https:\/\/www.stoptheclot.org\/spreadtheword\/wp-content\/uploads\/2020\/10\/stop-the-clot-header-spanish.jpg&#8221; image_size=&#8221;full&#8221; margin_bottom=&#8221;0&#8243;][\/vc_column][vc_column width=&#8221;1\/6&#8243;][mk_image src=&#8221;https:\/\/www.stoptheclot.org\/spreadtheword\/wp-content\/uploads\/2019\/08\/oncology-ribbon-icon.png&#8221; image_size=&#8221;full&#8221; align=&#8221;center&#8221; margin_bottom=&#8221;0&#8243;][\/vc_column][\/vc_row][vc_row css=&#8221;.vc_custom_1565706944736{padding-top: 30px !important;padding-right: 30px !important;padding-bottom: 30px !important;padding-left: 30px !important;background-color: #ffffff !important;}&#8221;][vc_column][mk_fancy_title color=&#8221;#af1f2d&#8221; size=&#8221;28&#8243; margin_bottom=&#8221;0&#8243; font_family=&#8221;none&#8221; align=&#8221;center&#8221;] El c\u00e1ncer y algunos tratamientos contra el c\u00e1ncer pueden aumentar el riesgo de presentar co\u00e1gulos [&hellip;]","og_url":"https:\/\/www.stoptheclot.org\/spreadtheword\/cancer-symptoms-2\/","og_site_name":"Stop The Clot, Spread The Word\u00ae","article_modified_time":"2020-10-01T20:26:50+00:00","twitter_misc":{"Est. reading time":"4 minutes"},"schema":{"@context":"https:\/\/schema.org","@graph":[{"@type":"WebPage","@id":"https:\/\/www.stoptheclot.org\/spreadtheword\/cancer-symptoms-2\/","url":"https:\/\/www.stoptheclot.org\/spreadtheword\/cancer-symptoms-2\/","name":"S\u00edntomas de c\u00e1ncer - Stop The Clot, Spread The Word\u00ae","isPartOf":{"@id":"https:\/\/www.stoptheclot.org\/spreadtheword\/#website"},"datePublished":"2020-10-01T20:16:42+00:00","dateModified":"2020-10-01T20:26:50+00:00","breadcrumb":{"@id":"https:\/\/www.stoptheclot.org\/spreadtheword\/cancer-symptoms-2\/#breadcrumb"},"inLanguage":"en-US","potentialAction":[{"@type":"ReadAction","target":["https:\/\/www.stoptheclot.org\/spreadtheword\/cancer-symptoms-2\/"]}]},{"@type":"BreadcrumbList","@id":"https:\/\/www.stoptheclot.org\/spreadtheword\/cancer-symptoms-2\/#breadcrumb","itemListElement":[{"@type":"ListItem","position":1,"name":"Home","item":"https:\/\/www.stoptheclot.org\/spreadtheword\/"},{"@type":"ListItem","position":2,"name":"S\u00edntomas de c\u00e1ncer"}]},{"@type":"WebSite","@id":"https:\/\/www.stoptheclot.org\/spreadtheword\/#website","url":"https:\/\/www.stoptheclot.org\/spreadtheword\/","name":"Stop The Clot, Spread The Word\u00ae","description":"","potentialAction":[{"@type":"SearchAction","target":{"@type":"EntryPoint","urlTemplate":"https:\/\/www.stoptheclot.org\/spreadtheword\/?s={search_term_string}"},"query-input":"required name=search_term_string"}],"inLanguage":"en-US"}]}},"_links":{"self":[{"href":"https:\/\/www.stoptheclot.org\/spreadtheword\/wp-json\/wp\/v2\/pages\/2295"}],"collection":[{"href":"https:\/\/www.stoptheclot.org\/spreadtheword\/wp-json\/wp\/v2\/pages"}],"about":[{"href":"https:\/\/www.stoptheclot.org\/spreadtheword\/wp-json\/wp\/v2\/types\/page"}],"author":[{"embeddable":true,"href":"https:\/\/www.stoptheclot.org\/spreadtheword\/wp-json\/wp\/v2\/users\/2"}],"replies":[{"embeddable":true,"href":"https:\/\/www.stoptheclot.org\/spreadtheword\/wp-json\/wp\/v2\/comments?post=2295"}],"version-history":[{"count":4,"href":"https:\/\/www.stoptheclot.org\/spreadtheword\/wp-json\/wp\/v2\/pages\/2295\/revisions"}],"predecessor-version":[{"id":2304,"href":"https:\/\/www.stoptheclot.org\/spreadtheword\/wp-json\/wp\/v2\/pages\/2295\/revisions\/2304"}],"wp:attachment":[{"href":"https:\/\/www.stoptheclot.org\/spreadtheword\/wp-json\/wp\/v2\/media?parent=2295"}],"curies":[{"name":"wp","href":"https:\/\/api.w.org\/{rel}","templated":true}]}}