{"id":2269,"date":"2020-10-01T14:42:15","date_gmt":"2020-10-01T19:42:15","guid":{"rendered":"https:\/\/www.stoptheclot.org\/spreadtheword\/?page_id=2269"},"modified":"2020-10-01T14:47:40","modified_gmt":"2020-10-01T19:47:40","slug":"cancer-related-risk-factors-checklist-2","status":"publish","type":"page","link":"https:\/\/www.stoptheclot.org\/spreadtheword\/cancer-related-risk-factors-checklist-2\/","title":{"rendered":"Lista de verificaci\u00f3n del riesgo de co\u00e1gulos sangu\u00edneos"},"content":{"rendered":"[vc_row css=&#8221;.vc_custom_1565108755911{margin-top: 30px !important;}&#8221;][vc_column][mk_fancy_title tag_name=&#8221;span&#8221; margin_bottom=&#8221;0&#8243; font_family=&#8221;none&#8221;]<a href=\"https:\/\/www.stoptheclot.org\/spreadtheword\/wp-content\/uploads\/2020\/10\/cancer-risk-factors-checklist_spanish.pdf\" target=\"_blank\" rel=\"noopener noreferrer\">Descargar<\/a>\u00a0<span class=\"file-details\">[PDF \u2013 717 KB]<\/span>[\/mk_fancy_title][\/vc_column][\/vc_row][vc_row css=&#8221;.vc_custom_1565707657804{margin-top: 20px !important;background-color: #ffffff !important;}&#8221;][vc_column width=&#8221;5\/6&#8243;][mk_image src=&#8221;https:\/\/www.stoptheclot.org\/spreadtheword\/wp-content\/uploads\/2020\/10\/stop-the-clot-header-spanish.jpg&#8221; image_size=&#8221;full&#8221; margin_bottom=&#8221;0&#8243;][\/vc_column][vc_column width=&#8221;1\/6&#8243;][mk_image src=&#8221;https:\/\/www.stoptheclot.org\/spreadtheword\/wp-content\/uploads\/2019\/08\/oncology-ribbon-icon.png&#8221; image_size=&#8221;full&#8221; align=&#8221;center&#8221; margin_bottom=&#8221;0&#8243;][\/vc_column][\/vc_row][vc_row css=&#8221;.vc_custom_1565703084457{padding-top: 30px !important;padding-right: 30px !important;padding-bottom: 30px !important;padding-left: 30px !important;background-color: #ffffff !important;}&#8221;][vc_column][mk_fancy_title tag_name=&#8221;h1&#8243; color=&#8221;#000000&#8243; size=&#8221;48&#8243; font_weight=&#8221;400&#8243; txt_transform=&#8221;none&#8221; margin_bottom=&#8221;0&#8243; font_family=&#8221;none&#8221; align=&#8221;center&#8221;]\n<p class=\"p1\" style=\"text-align: center;\">Lista de verificaci\u00f3n del riesgo de co\u00e1gulos sangu\u00edneos<\/p>\n[\/mk_fancy_title][vc_column_text align=&#8221;center&#8221; css=&#8221;.vc_custom_1601581457978{margin-bottom: 0px !important;}&#8221;]\n<p class=\"p1\" style=\"text-align: center;\">Marque la casilla correspondiente a cada riesgo que podr\u00eda aplicarse a usted. Comparta esta informaci\u00f3n con su onc\u00f3logo (m\u00e9dico especializado en c\u00e1ncer) o equipo de atenci\u00f3n m\u00e9dica.<\/p>\n[\/vc_column_text][\/vc_column][\/vc_row][vc_row css=&#8221;.vc_custom_1565106061756{margin-top: 15px !important;background-color: #af1f2d !important;}&#8221;][vc_column][mk_fancy_title color=&#8221;#ffffff&#8221; size=&#8221;28&#8243; font_weight=&#8221;bold&#8221; margin_top=&#8221;18&#8243; margin_bottom=&#8221;0&#8243; font_family=&#8221;none&#8221; align=&#8221;center&#8221;]\n<p style=\"text-align: center;\">Factores de riesgo \u2014relacionados con el c\u00e1ncer\u2014 de presentar co\u00e1gulos de sangre<\/p>\n[\/mk_fancy_title][\/vc_column][\/vc_row][vc_row css=&#8221;.vc_custom_1565703419970{padding-top: 30px !important;padding-right: 30px !important;padding-bottom: 30px !important;padding-left: 30px !important;background-color: #ffffff !important;}&#8221;][vc_column width=&#8221;1\/2&#8243;][mk_fancy_title tag_name=&#8221;h5&#8243; color=&#8221;#0a0a0a&#8221; size=&#8221;18&#8243; font_weight=&#8221;bold&#8221; margin_bottom=&#8221;0&#8243; font_family=&#8221;none&#8221;]Tipo y estadio del c\u00e1ncer[\/mk_fancy_title][mk_custom_list style=&#8221;mk-moon-checkbox-unchecked-2&#8243; icon_color=&#8221;#0a0000&#8243; margin_bottom=&#8221;0&#8243;]\n<ul>\n<li>C\u00e1nceres que involucran el p\u00e1ncreas, el est\u00f3mago, el cerebro, los pulmones, el \u00fatero, los ovarios y los ri\u00f1ones<\/li>\n<li>C\u00e1nceres de la sangre, como linfoma y mieloma<\/li>\n<li>Diagn\u00f3stico reciente de c\u00e1ncer, o c\u00e1ncer diagnosticado dentro de los \u00faltimos meses<\/li>\n<li>C\u00e1ncer avanzado o en estadio avanzado<\/li>\n<\/ul>\n[\/mk_custom_list][\/vc_column][vc_column width=&#8221;1\/2&#8243;][mk_fancy_title tag_name=&#8221;h5&#8243; color=&#8221;#0a0a0a&#8221; size=&#8221;18&#8243; font_weight=&#8221;bold&#8221; margin_bottom=&#8221;0&#8243; font_family=&#8221;none&#8221;]Tipo de tratamiento contra el c\u00e1ncer[\/mk_fancy_title][mk_custom_list style=&#8221;mk-moon-checkbox-unchecked-2&#8243; icon_color=&#8221;#0a0000&#8243; margin_bottom=&#8221;0&#8243;]\n<ul>\n<li>Hospitalizaci\u00f3n<\/li>\n<li>Operaciones<\/li>\n<li>Quimioterapia o tratamiento con hormonas<\/li>\n<li>Cat\u00e9teres (peque\u00f1os tubos colocados en las venas para administrar tratamientos)<\/li>\n<\/ul>\n[\/mk_custom_list][\/vc_column][\/vc_row][vc_row css=&#8221;.vc_custom_1565106061756{margin-top: 15px !important;background-color: #af1f2d !important;}&#8221;][vc_column][mk_fancy_title color=&#8221;#ffffff&#8221; size=&#8221;28&#8243; font_weight=&#8221;bold&#8221; margin_top=&#8221;18&#8243; margin_bottom=&#8221;0&#8243; font_family=&#8221;none&#8221; align=&#8221;center&#8221;]\n<p style=\"text-align: center;\">Otros factores de riesgo de presentar co\u00e1gulos de sangre<\/p>\n[\/mk_fancy_title][\/vc_column][\/vc_row][vc_row css=&#8221;.vc_custom_1565703888769{padding-top: 30px !important;padding-right: 30px !important;padding-bottom: 30px !important;padding-left: 30px !important;background-color: #ffffff !important;}&#8221;][vc_column][mk_custom_list style=&#8221;mk-moon-checkbox-unchecked-2&#8243; icon_color=&#8221;#0a0000&#8243; margin_bottom=&#8221;0&#8243;]\n<ul>\n<li>Co\u00e1gulo de sangre previo<\/li>\n<li>Antecedentes familiares de co\u00e1gulos sangre o trastorno de la coagulaci\u00f3n hereditario<\/li>\n<li>Hospitalizaci\u00f3n por una enfermedad u operaci\u00f3n importante, en especial de la pelvis, el abdomen, la cadera o la rodilla<\/li>\n<li>Hueso quebrado o lesi\u00f3n muscular grave<\/li>\n<li>Traumatismo f\u00edsico grave, como el causado por un accidente automovil\u00edstico<\/li>\n<li>Afecciones graves, como enfermedades cardiacas o pulmonares, o diabetes<\/li>\n<li>Permanecer sentado por demasiado tiempo, como cuando se viaja por m\u00e1s de 4 horas, especialmente con las piernas cruzadas<\/li>\n<li>Otras causas de inmovilidad, como reposo absoluto prolongado<\/li>\n<li>Sobrepeso y obesidad<\/li>\n<li>Tabaquismo<\/li>\n<\/ul>\n[\/mk_custom_list][\/vc_column][\/vc_row][vc_row css=&#8221;.vc_custom_1565704250220{margin-bottom: 30px !important;background-color: #ffffff !important;}&#8221;][vc_column][mk_fancy_title color=&#8221;#b11f2a&#8221; size=&#8221;20&#8243; margin_top=&#8221;18&#8243; margin_bottom=&#8221;0&#8243; font_family=&#8221;none&#8221; align=&#8221;center&#8221;]Si alguno de estos riesgos se aplica a usted, hable con su onc\u00f3logo o equipo de atenci\u00f3n m\u00e9dica.<br \/>\n<strong>Para saber m\u00e1s sobre los co\u00e1gulos de sangre, visite:<a style=\"color: #b11f2a;\" href=\"https:\/\/stoptheclot.org\/spreadtheword\"> www.stoptheclot.org\/spreadtheword<\/a>.<\/strong>[\/mk_fancy_title][\/vc_column][\/vc_row]\n","protected":false},"excerpt":{"rendered":"<p>[vc_row css=&#8221;.vc_custom_1565108755911{margin-top: 30px !important;}&#8221;][vc_column][mk_fancy_title tag_name=&#8221;span&#8221; margin_bottom=&#8221;0&#8243; font_family=&#8221;none&#8221;]Descargar\u00a0[PDF \u2013 717 KB][\/mk_fancy_title][\/vc_column][\/vc_row][vc_row css=&#8221;.vc_custom_1565707657804{margin-top: 20px !important;background-color: #ffffff !important;}&#8221;][vc_column width=&#8221;5\/6&#8243;][mk_image src=&#8221;https:\/\/www.stoptheclot.org\/spreadtheword\/wp-content\/uploads\/2020\/10\/stop-the-clot-header-spanish.jpg&#8221; image_size=&#8221;full&#8221; margin_bottom=&#8221;0&#8243;][\/vc_column][vc_column width=&#8221;1\/6&#8243;][mk_image src=&#8221;https:\/\/www.stoptheclot.org\/spreadtheword\/wp-content\/uploads\/2019\/08\/oncology-ribbon-icon.png&#8221; image_size=&#8221;full&#8221; align=&#8221;center&#8221; margin_bottom=&#8221;0&#8243;][\/vc_column][\/vc_row][vc_row css=&#8221;.vc_custom_1565703084457{padding-top: 30px !important;padding-right: 30px !important;padding-bottom: 30px !important;padding-left: 30px !important;background-color: #ffffff !important;}&#8221;][vc_column][mk_fancy_title tag_name=&#8221;h1&#8243; color=&#8221;#000000&#8243; size=&#8221;48&#8243; font_weight=&#8221;400&#8243; txt_transform=&#8221;none&#8221; margin_bottom=&#8221;0&#8243; font_family=&#8221;none&#8221; align=&#8221;center&#8221;] Lista de verificaci\u00f3n del riesgo de co\u00e1gulos sangu\u00edneos [\/mk_fancy_title][vc_column_text align=&#8221;center&#8221; css=&#8221;.vc_custom_1601581457978{margin-bottom: 0px [&hellip;]<\/p>\n","protected":false},"author":2,"featured_media":0,"parent":0,"menu_order":0,"comment_status":"closed","ping_status":"closed","template":"","meta":[],"acf":[],"yoast_head":"<!-- This site is optimized with the Yoast SEO plugin v19.6.1 - https:\/\/yoast.com\/wordpress\/plugins\/seo\/ -->\n<title>Lista de verificaci\u00f3n del riesgo de co\u00e1gulos sangu\u00edneos - Stop The Clot, Spread The Word\u00ae<\/title>\n<meta name=\"robots\" content=\"index, follow, max-snippet:-1, max-image-preview:large, max-video-preview:-1\" \/>\n<link rel=\"canonical\" href=\"https:\/\/www.stoptheclot.org\/spreadtheword\/cancer-related-risk-factors-checklist-2\/\" \/>\n<meta property=\"og:locale\" content=\"en_US\" \/>\n<meta property=\"og:type\" content=\"article\" \/>\n<meta property=\"og:title\" content=\"Lista de verificaci\u00f3n del riesgo de co\u00e1gulos sangu\u00edneos - Stop The Clot, Spread The Word\u00ae\" \/>\n<meta property=\"og:description\" content=\"[vc_row css=&#8221;.vc_custom_1565108755911{margin-top: 30px !important;}&#8221;][vc_column][mk_fancy_title tag_name=&#8221;span&#8221; margin_bottom=&#8221;0&#8243; font_family=&#8221;none&#8221;]Descargar\u00a0[PDF \u2013 717 KB][\/mk_fancy_title][\/vc_column][\/vc_row][vc_row css=&#8221;.vc_custom_1565707657804{margin-top: 20px !important;background-color: #ffffff !important;}&#8221;][vc_column width=&#8221;5\/6&#8243;][mk_image src=&#8221;https:\/\/www.stoptheclot.org\/spreadtheword\/wp-content\/uploads\/2020\/10\/stop-the-clot-header-spanish.jpg&#8221; image_size=&#8221;full&#8221; margin_bottom=&#8221;0&#8243;][\/vc_column][vc_column width=&#8221;1\/6&#8243;][mk_image src=&#8221;https:\/\/www.stoptheclot.org\/spreadtheword\/wp-content\/uploads\/2019\/08\/oncology-ribbon-icon.png&#8221; image_size=&#8221;full&#8221; align=&#8221;center&#8221; margin_bottom=&#8221;0&#8243;][\/vc_column][\/vc_row][vc_row css=&#8221;.vc_custom_1565703084457{padding-top: 30px !important;padding-right: 30px !important;padding-bottom: 30px !important;padding-left: 30px !important;background-color: #ffffff !important;}&#8221;][vc_column][mk_fancy_title tag_name=&#8221;h1&#8243; color=&#8221;#000000&#8243; size=&#8221;48&#8243; font_weight=&#8221;400&#8243; txt_transform=&#8221;none&#8221; margin_bottom=&#8221;0&#8243; font_family=&#8221;none&#8221; align=&#8221;center&#8221;] Lista de verificaci\u00f3n del riesgo de co\u00e1gulos sangu\u00edneos [\/mk_fancy_title][vc_column_text align=&#8221;center&#8221; css=&#8221;.vc_custom_1601581457978{margin-bottom: 0px [&hellip;]\" \/>\n<meta property=\"og:url\" content=\"https:\/\/www.stoptheclot.org\/spreadtheword\/cancer-related-risk-factors-checklist-2\/\" \/>\n<meta property=\"og:site_name\" content=\"Stop The Clot, Spread The Word\u00ae\" \/>\n<meta property=\"article:modified_time\" content=\"2020-10-01T19:47:40+00:00\" \/>\n<meta name=\"twitter:label1\" content=\"Est. reading time\" \/>\n\t<meta name=\"twitter:data1\" content=\"4 minutes\" \/>\n<script type=\"application\/ld+json\" class=\"yoast-schema-graph\">{\"@context\":\"https:\/\/schema.org\",\"@graph\":[{\"@type\":\"WebPage\",\"@id\":\"https:\/\/www.stoptheclot.org\/spreadtheword\/cancer-related-risk-factors-checklist-2\/\",\"url\":\"https:\/\/www.stoptheclot.org\/spreadtheword\/cancer-related-risk-factors-checklist-2\/\",\"name\":\"Lista de verificaci\u00f3n del riesgo de co\u00e1gulos sangu\u00edneos - Stop The Clot, Spread The Word\u00ae\",\"isPartOf\":{\"@id\":\"https:\/\/www.stoptheclot.org\/spreadtheword\/#website\"},\"datePublished\":\"2020-10-01T19:42:15+00:00\",\"dateModified\":\"2020-10-01T19:47:40+00:00\",\"breadcrumb\":{\"@id\":\"https:\/\/www.stoptheclot.org\/spreadtheword\/cancer-related-risk-factors-checklist-2\/#breadcrumb\"},\"inLanguage\":\"en-US\",\"potentialAction\":[{\"@type\":\"ReadAction\",\"target\":[\"https:\/\/www.stoptheclot.org\/spreadtheword\/cancer-related-risk-factors-checklist-2\/\"]}]},{\"@type\":\"BreadcrumbList\",\"@id\":\"https:\/\/www.stoptheclot.org\/spreadtheword\/cancer-related-risk-factors-checklist-2\/#breadcrumb\",\"itemListElement\":[{\"@type\":\"ListItem\",\"position\":1,\"name\":\"Home\",\"item\":\"https:\/\/www.stoptheclot.org\/spreadtheword\/\"},{\"@type\":\"ListItem\",\"position\":2,\"name\":\"Lista de verificaci\u00f3n del riesgo de co\u00e1gulos sangu\u00edneos\"}]},{\"@type\":\"WebSite\",\"@id\":\"https:\/\/www.stoptheclot.org\/spreadtheword\/#website\",\"url\":\"https:\/\/www.stoptheclot.org\/spreadtheword\/\",\"name\":\"Stop The Clot, Spread The Word\u00ae\",\"description\":\"\",\"potentialAction\":[{\"@type\":\"SearchAction\",\"target\":{\"@type\":\"EntryPoint\",\"urlTemplate\":\"https:\/\/www.stoptheclot.org\/spreadtheword\/?s={search_term_string}\"},\"query-input\":\"required name=search_term_string\"}],\"inLanguage\":\"en-US\"}]}<\/script>\n<!-- \/ Yoast SEO plugin. -->","yoast_head_json":{"title":"Lista de verificaci\u00f3n del riesgo de co\u00e1gulos sangu\u00edneos - Stop The Clot, Spread The Word\u00ae","robots":{"index":"index","follow":"follow","max-snippet":"max-snippet:-1","max-image-preview":"max-image-preview:large","max-video-preview":"max-video-preview:-1"},"canonical":"https:\/\/www.stoptheclot.org\/spreadtheword\/cancer-related-risk-factors-checklist-2\/","og_locale":"en_US","og_type":"article","og_title":"Lista de verificaci\u00f3n del riesgo de co\u00e1gulos sangu\u00edneos - Stop The Clot, Spread The Word\u00ae","og_description":"[vc_row css=&#8221;.vc_custom_1565108755911{margin-top: 30px !important;}&#8221;][vc_column][mk_fancy_title tag_name=&#8221;span&#8221; margin_bottom=&#8221;0&#8243; font_family=&#8221;none&#8221;]Descargar\u00a0[PDF \u2013 717 KB][\/mk_fancy_title][\/vc_column][\/vc_row][vc_row css=&#8221;.vc_custom_1565707657804{margin-top: 20px !important;background-color: #ffffff !important;}&#8221;][vc_column width=&#8221;5\/6&#8243;][mk_image src=&#8221;https:\/\/www.stoptheclot.org\/spreadtheword\/wp-content\/uploads\/2020\/10\/stop-the-clot-header-spanish.jpg&#8221; image_size=&#8221;full&#8221; margin_bottom=&#8221;0&#8243;][\/vc_column][vc_column width=&#8221;1\/6&#8243;][mk_image src=&#8221;https:\/\/www.stoptheclot.org\/spreadtheword\/wp-content\/uploads\/2019\/08\/oncology-ribbon-icon.png&#8221; image_size=&#8221;full&#8221; align=&#8221;center&#8221; margin_bottom=&#8221;0&#8243;][\/vc_column][\/vc_row][vc_row css=&#8221;.vc_custom_1565703084457{padding-top: 30px !important;padding-right: 30px !important;padding-bottom: 30px !important;padding-left: 30px !important;background-color: #ffffff !important;}&#8221;][vc_column][mk_fancy_title tag_name=&#8221;h1&#8243; color=&#8221;#000000&#8243; size=&#8221;48&#8243; font_weight=&#8221;400&#8243; txt_transform=&#8221;none&#8221; margin_bottom=&#8221;0&#8243; font_family=&#8221;none&#8221; align=&#8221;center&#8221;] Lista de verificaci\u00f3n del riesgo de co\u00e1gulos sangu\u00edneos [\/mk_fancy_title][vc_column_text align=&#8221;center&#8221; css=&#8221;.vc_custom_1601581457978{margin-bottom: 0px [&hellip;]","og_url":"https:\/\/www.stoptheclot.org\/spreadtheword\/cancer-related-risk-factors-checklist-2\/","og_site_name":"Stop The Clot, Spread The Word\u00ae","article_modified_time":"2020-10-01T19:47:40+00:00","twitter_misc":{"Est. reading time":"4 minutes"},"schema":{"@context":"https:\/\/schema.org","@graph":[{"@type":"WebPage","@id":"https:\/\/www.stoptheclot.org\/spreadtheword\/cancer-related-risk-factors-checklist-2\/","url":"https:\/\/www.stoptheclot.org\/spreadtheword\/cancer-related-risk-factors-checklist-2\/","name":"Lista de verificaci\u00f3n del riesgo de co\u00e1gulos sangu\u00edneos - Stop The Clot, Spread The Word\u00ae","isPartOf":{"@id":"https:\/\/www.stoptheclot.org\/spreadtheword\/#website"},"datePublished":"2020-10-01T19:42:15+00:00","dateModified":"2020-10-01T19:47:40+00:00","breadcrumb":{"@id":"https:\/\/www.stoptheclot.org\/spreadtheword\/cancer-related-risk-factors-checklist-2\/#breadcrumb"},"inLanguage":"en-US","potentialAction":[{"@type":"ReadAction","target":["https:\/\/www.stoptheclot.org\/spreadtheword\/cancer-related-risk-factors-checklist-2\/"]}]},{"@type":"BreadcrumbList","@id":"https:\/\/www.stoptheclot.org\/spreadtheword\/cancer-related-risk-factors-checklist-2\/#breadcrumb","itemListElement":[{"@type":"ListItem","position":1,"name":"Home","item":"https:\/\/www.stoptheclot.org\/spreadtheword\/"},{"@type":"ListItem","position":2,"name":"Lista de verificaci\u00f3n del riesgo de co\u00e1gulos sangu\u00edneos"}]},{"@type":"WebSite","@id":"https:\/\/www.stoptheclot.org\/spreadtheword\/#website","url":"https:\/\/www.stoptheclot.org\/spreadtheword\/","name":"Stop The Clot, Spread The Word\u00ae","description":"","potentialAction":[{"@type":"SearchAction","target":{"@type":"EntryPoint","urlTemplate":"https:\/\/www.stoptheclot.org\/spreadtheword\/?s={search_term_string}"},"query-input":"required name=search_term_string"}],"inLanguage":"en-US"}]}},"_links":{"self":[{"href":"https:\/\/www.stoptheclot.org\/spreadtheword\/wp-json\/wp\/v2\/pages\/2269"}],"collection":[{"href":"https:\/\/www.stoptheclot.org\/spreadtheword\/wp-json\/wp\/v2\/pages"}],"about":[{"href":"https:\/\/www.stoptheclot.org\/spreadtheword\/wp-json\/wp\/v2\/types\/page"}],"author":[{"embeddable":true,"href":"https:\/\/www.stoptheclot.org\/spreadtheword\/wp-json\/wp\/v2\/users\/2"}],"replies":[{"embeddable":true,"href":"https:\/\/www.stoptheclot.org\/spreadtheword\/wp-json\/wp\/v2\/comments?post=2269"}],"version-history":[{"count":5,"href":"https:\/\/www.stoptheclot.org\/spreadtheword\/wp-json\/wp\/v2\/pages\/2269\/revisions"}],"predecessor-version":[{"id":2276,"href":"https:\/\/www.stoptheclot.org\/spreadtheword\/wp-json\/wp\/v2\/pages\/2269\/revisions\/2276"}],"wp:attachment":[{"href":"https:\/\/www.stoptheclot.org\/spreadtheword\/wp-json\/wp\/v2\/media?parent=2269"}],"curies":[{"name":"wp","href":"https:\/\/api.w.org\/{rel}","templated":true}]}}