{"id":2216,"date":"2020-09-18T15:25:40","date_gmt":"2020-09-18T20:25:40","guid":{"rendered":"https:\/\/www.stoptheclot.org\/spreadtheword\/?page_id=2216"},"modified":"2020-10-01T14:37:13","modified_gmt":"2020-10-01T19:37:13","slug":"hospitalization-infographic-2","status":"publish","type":"page","link":"https:\/\/www.stoptheclot.org\/spreadtheword\/hospitalization-infographic-2\/","title":{"rendered":"Hospitalizaci\u00f3n infograf\u00eda"},"content":{"rendered":"[vc_row css=&#8221;.vc_custom_1565108755911{margin-top: 30px !important;}&#8221;][vc_column][mk_fancy_title tag_name=&#8221;span&#8221; margin_bottom=&#8221;0&#8243; font_family=&#8221;none&#8221;]<a href=\"https:\/\/www.stoptheclot.org\/spreadtheword\/wp-content\/uploads\/2020\/10\/hospitalization-infographic-spanish.pdf\" target=\"_blank\" rel=\"noopener noreferrer\">Descargar<\/a>\u00a0<span class=\"file-details\">[PDF \u2013 664 KB]<\/span>[\/mk_fancy_title][\/vc_column][\/vc_row][vc_row css=&#8221;.vc_custom_1595874318922{margin-top: 20px !important;margin-bottom: 30px !important;background-color: #af1f2d !important;}&#8221;][vc_column][mk_image src=&#8221;https:\/\/www.stoptheclot.org\/spreadtheword\/wp-content\/uploads\/2020\/10\/stop-the-clot-spread-the-word-banner-spanish.png&#8221; image_size=&#8221;full&#8221; margin_bottom=&#8221;0&#8243;][\/vc_column][\/vc_row][vc_row][vc_column width=&#8221;1\/4&#8243;][mk_image src=&#8221;https:\/\/www.stoptheclot.org\/spreadtheword\/wp-content\/uploads\/2020\/07\/hospitalization-icon.png&#8221; image_size=&#8221;full&#8221; align=&#8221;center&#8221; margin_bottom=&#8221;0&#8243;][\/vc_column][vc_column width=&#8221;3\/4&#8243;][mk_fancy_title tag_name=&#8221;h1&#8243; color=&#8221;#454545&#8243; size=&#8221;48&#8243; font_weight=&#8221;900&#8243; txt_transform=&#8221;uppercase&#8221; margin_bottom=&#8221;0&#8243; font_family=&#8221;none&#8221; align=&#8221;center&#8221;]\n<p style=\"text-align: center;\">Hospitalizaci\u00f3n:<\/p>\n[\/mk_fancy_title][mk_fancy_title color=&#8221;#0a0a0a&#8221; size=&#8221;22&#8243; margin_bottom=&#8221;0&#8243; font_family=&#8221;none&#8221; align=&#8221;center&#8221;]Un gran factor de riesgo de tener co\u00e1gulos de sangre peligrosos[\/mk_fancy_title][\/vc_column][\/vc_row][vc_row css=&#8221;.vc_custom_1595876520291{margin-top: 30px !important;margin-bottom: 30px !important;padding-top: 30px !important;padding-right: 30px !important;padding-bottom: 10px !important;padding-left: 30px !important;background-color: #f4f4f4 !important;}&#8221;][vc_column width=&#8221;1\/4&#8243;][vc_column_text css=&#8221;.vc_custom_1600460664632{margin-bottom: 0px !important;}&#8221;]\n<p style=\"text-align: center;\">Aproximadamente 1 de cada 10 muertes en los hospitales est\u00e1 relacionada con co\u00e1gulos de sangre en los pulmones.<\/p>\n<p style=\"text-align: center;\">Los co\u00e1gulos de sangre son una de las causas principales de las muertes prevenibles en los hospitales en los Estados Unidos.<\/p>\n[\/vc_column_text][\/vc_column][vc_column width=&#8221;3\/4&#8243;][mk_fancy_title color=&#8221;#ad2727&#8243; size=&#8221;20&#8243; font_family=&#8221;none&#8221; align=&#8221;center&#8221;]Evite tener que llamar el 911. Inf\u00f3rmese sobre los co\u00e1gulos de sangre.[\/mk_fancy_title][\/vc_column][vc_column width=&#8221;1\/4&#8243; css=&#8221;.vc_custom_1595876470483{border-right-width: 5px !important;padding-top: 20px !important;padding-right: 20px !important;padding-left: 20px !important;background-color: #b11b29 !important;border-right-color: #f4f4f4 !important;border-right-style: solid !important;}&#8221;][vc_column_text align=&#8221;center&#8221; css=&#8221;.vc_custom_1600460713959{margin-bottom: 0px !important;}&#8221;]\n<p style=\"text-align: center;\"><span style=\"color: #ffffff;\">Cerca de la mitad de los co\u00e1gulos de sangre ocurren durante una hospitalizaci\u00f3n, o dentro de los 3 meses despu\u00e9s una hospitalizaci\u00f3n o una operaci\u00f3n<\/span><\/p>\n[\/vc_column_text][\/vc_column][vc_column width=&#8221;1\/4&#8243; css=&#8221;.vc_custom_1596031010256{border-right-width: 5px !important;padding-top: 20px !important;padding-right: 20px !important;padding-bottom: 52px !important;padding-left: 20px !important;background-color: #b11b29 !important;border-right-color: #f4f4f4 !important;border-right-style: solid !important;}&#8221;][vc_column_text align=&#8221;center&#8221; css=&#8221;.vc_custom_1600460725820{margin-bottom: 0px !important;}&#8221;]\n<p style=\"text-align: center;\"><span style=\"color: #ffffff;\">Muchos de estos co\u00e1gulos de sangre se pueden prevenir de manera segura.<\/span><\/p>\n[\/vc_column_text][\/vc_column][vc_column width=&#8221;1\/4&#8243; css=&#8221;.vc_custom_1596031031406{border-left-width: 5px !important;padding-top: 20px !important;padding-right: 20px !important;padding-bottom: 26px !important;padding-left: 20px !important;background-color: #b11b29 !important;border-left-color: #f4f4f4 !important;}&#8221;][vc_column_text css=&#8221;.vc_custom_1600460736900{margin-bottom: 0px !important;}&#8221;]\n<p style=\"text-align: center;\"><span style=\"color: #ffffff;\">Cerca de la mitad de los pacientes de un hospital no reciben medidas preventivas adecuadas.<\/span><\/p>\n[\/vc_column_text][\/vc_column][\/vc_row][vc_row][vc_column][mk_fancy_title size=&#8221;22&#8243; line_height=&#8221;50&#8243; margin_bottom=&#8221;0&#8243; font_family=&#8221;none&#8221;]\n<p style=\"text-align: center;\">Conozca su riesgo: El v\u00ednculo entre la hospitalizaci\u00f3n y los co\u00e1gulos de sangre<\/p>\n[\/mk_fancy_title][vc_column_text css=&#8221;.vc_custom_1600460906179{margin-bottom: 0px !important;}&#8221;]\n<p style=\"text-align: center;\">La hospitalizaci\u00f3n, en particular la que incluya traumatismo f\u00edsico, operaciones o inmovilidad prolongada, aumenta el riesgo de tener co\u00e1gulos de sangre.<\/p>\n[\/vc_column_text][\/vc_column][\/vc_row][vc_row css=&#8221;.vc_custom_1595876663776{margin-bottom: 30px !important;}&#8221;][vc_column width=&#8221;1\/3&#8243;][vc_column_text css=&#8221;.vc_custom_1600460954625{margin-bottom: 0px !important;border-radius: 1px !important;}&#8221;]\n<p style=\"text-align: center;\"><strong>Traumatismo f\u00edsico<br \/>\n<\/strong>Lesi\u00f3n a una vena que puede ser causada por un hueso quebrado, una lesi\u00f3n muscular u otra lesi\u00f3n grave al cuerpo.<\/p>\n[\/vc_column_text][mk_image src=&#8221;https:\/\/www.stoptheclot.org\/spreadtheword\/wp-content\/uploads\/2015\/12\/physical-trauma-icon.png&#8221; image_size=&#8221;full&#8221; align=&#8221;center&#8221;][\/vc_column][vc_column width=&#8221;1\/3&#8243;][vc_column_text css=&#8221;.vc_custom_1600460972892{margin-bottom: 0px !important;}&#8221;]\n<p style=\"text-align: center;\"><strong>Operaciones<\/strong><br \/>\nOperaci\u00f3n mayor, particularmente de la pelvis, el abdomen, la cadera o la rodilla.<\/p>\n[\/vc_column_text][mk_image src=&#8221;https:\/\/www.stoptheclot.org\/spreadtheword\/wp-content\/uploads\/2015\/12\/surgery-icon-new.png&#8221; image_size=&#8221;full&#8221; align=&#8221;center&#8221;][\/vc_column][vc_column width=&#8221;1\/3&#8243;][vc_column_text css=&#8221;.vc_custom_1600460991556{margin-bottom: 0px !important;}&#8221;]\n<p style=\"text-align: center;\"><strong>Inmovilidad<\/strong><br \/>\nConfinamiento en una cama o silla de ruedas por largos periodos debido a una hospitalizaci\u00f3n, lesi\u00f3n o enfermedad.<\/p>\n[\/vc_column_text][mk_image src=&#8221;https:\/\/www.stoptheclot.org\/spreadtheword\/wp-content\/uploads\/2015\/12\/immobility-icon-new.png&#8221; image_size=&#8221;full&#8221; align=&#8221;center&#8221;][\/vc_column][\/vc_row][vc_row css=&#8221;.vc_custom_1595877377062{margin-bottom: 30px !important;padding-right: 30px !important;padding-left: 30px !important;background-color: #f1f1f1 !important;}&#8221;][vc_column][mk_fancy_title color=&#8221;#494949&#8243; size=&#8221;36&#8243; font_weight=&#8221;bold&#8221; margin_top=&#8221;18&#8243; margin_bottom=&#8221;0&#8243; font_family=&#8221;none&#8221; align=&#8221;center&#8221;]\n<p style=\"text-align: center;\">Saber lo que es un co\u00e1gulo de sangre<\/p>\n[\/mk_fancy_title][\/vc_column][vc_column width=&#8221;1\/3&#8243;][mk_image src=&#8221;https:\/\/www.stoptheclot.org\/spreadtheword\/wp-content\/uploads\/2019\/08\/arm-leg-graphic-2.png&#8221; image_size=&#8221;full&#8221; align=&#8221;center&#8221;][\/vc_column][vc_column width=&#8221;1\/3&#8243;][vc_column_text css=&#8221;.vc_custom_1600461110786{margin-bottom: 0px !important;}&#8221;]\n<p style=\"text-align: center;\">Un co\u00e1gulo de sangre en una de las grandes venas, generalmente en la pierna o el brazo de una persona, se conoce como una trombosis venosa profunda o TVP.<br \/>\nAl formarse una TVP se puede bloquear parcial o completamente el flujo de sangre a trav\u00e9s de la vena.<\/p>\n[\/vc_column_text][vc_column_text css=&#8221;.vc_custom_1600461052140{margin-bottom: 30px !important;padding-top: 20px !important;padding-right: 20px !important;padding-bottom: 10px !important;padding-left: 20px !important;background-color: #af1e2d !important;}&#8221;]\n<p style=\"text-align: center;\"><span style=\"color: #ffffff;\">Si la TVP no se trata, el co\u00e1gulo se puede mover o desprender y desplazarse a los pulmones.<\/span><\/p>\n[\/vc_column_text][vc_column_text css=&#8221;.vc_custom_1600461090568{margin-bottom: 0px !important;}&#8221;]\n<p style=\"text-align: center;\">A un co\u00e1gulo de sangre en los pulmones se lo llama embolia pulmonar o EP.<br \/>\nEsto requiere atenci\u00f3n m\u00e9dica inmediata porque puede causar la muerte.<\/p>\n[\/vc_column_text][\/vc_column][vc_column width=&#8221;1\/3&#8243;][mk_image src=&#8221;https:\/\/www.stoptheclot.org\/spreadtheword\/wp-content\/uploads\/2019\/08\/lung-graphic-2.png&#8221; image_size=&#8221;full&#8221; align=&#8221;center&#8221;][\/vc_column][\/vc_row][vc_row css=&#8221;.vc_custom_1595877409919{margin-bottom: 30px !important;}&#8221;][vc_column][mk_fancy_title tag_name=&#8221;h3&#8243; color=&#8221;rgba(0,0,0,0.63)&#8221; size=&#8221;22&#8243; margin_top=&#8221;18&#8243; margin_bottom=&#8221;0&#8243; font_family=&#8221;none&#8221; align=&#8221;center&#8221;]\n<p style=\"text-align: center;\">\u00bfEn camino al hospital? Mej\u00f3rese. No tenga un co\u00e1gulo de sangre.<br \/>\n<strong>Tenga un plan de prevenci\u00f3n<\/strong><\/p>\n[\/mk_fancy_title][vc_row_inner css=&#8221;.vc_custom_1594781875348{background-color: #ffffff !important;}&#8221;][vc_column_inner width=&#8221;1\/3&#8243;][mk_custom_list title=&#8221;Antes de ser hospitalizado&#8221; style=&#8221;mk-icon-check-circle&#8221;]\n<ul>\n<li>Hable de sus factores de riesgo potenciales y antecedentes familiares con el m\u00e9dico.<\/li>\n<li>Pregunte si va a necesitar medidas preventivas para co\u00e1gulos de sangre mientras est\u00e9 en el hospital.<\/li>\n<li>Aseg\u00farese de que todos sus m\u00e9dicos sepan del riesgo que usted tiene de presentar co\u00e1gulos de sangre y p\u00eddales un plan de prevenci\u00f3n.<\/li>\n<\/ul>\n[\/mk_custom_list][\/vc_column_inner][vc_column_inner width=&#8221;1\/3&#8243;][mk_custom_list title=&#8221;Antes de salir del hospital&#8221; style=&#8221;mk-icon-check-circle&#8221;]\n<ul>\n<li>Preg\u00fantele a su m\u00e9dico c\u00f3mo prevenir co\u00e1gulos de sangre una vez que est\u00e9 en casa.<\/li>\n<li>Hable sobre los signos y s\u00edntomas de los co\u00e1gulos de sangre.<\/li>\n<li>Aseg\u00farese de saber qu\u00e9 hacer si tiene signos y s\u00edntomas de un co\u00e1gulo de sangre.<\/li>\n<\/ul>\n[\/mk_custom_list][\/vc_column_inner][vc_column_inner width=&#8221;1\/3&#8243;][mk_custom_list title=&#8221;Cuando vuelva a casa&#8221; style=&#8221;mk-icon-check-circle&#8221;]\n<ul>\n<li>Siga las instrucciones y tome los medicamentos como fueron recetados.<\/li>\n<li>Mu\u00e9vase. Si est\u00e1 confinado a una cama o silla de rueda, p\u00eddale a alguien que lo ayude a mover los brazos y las piernas.<\/li>\n<li>D\u00edgale su m\u00e9dico si tiene alg\u00fan signo o s\u00edntoma de un co\u00e1gulo de sangre.<\/li>\n<\/ul>\n[\/mk_custom_list][\/vc_column_inner][\/vc_row_inner][\/vc_column][\/vc_row][vc_row][vc_column][mk_fancy_title color=&#8221;#af3c2f&#8221; size=&#8221;22&#8243; font_family=&#8221;none&#8221;]\n<p style=\"text-align: center;\">SI NOTA ALGUNO DE LOS SIGUIENTES SIGNOS Y S\u00cdNTOMAS&#8230;<\/p>\n[\/mk_fancy_title][\/vc_column][\/vc_row][vc_row css=&#8221;.vc_custom_1565113631768{padding-top: 30px !important;padding-right: 30px !important;padding-bottom: 30px !important;padding-left: 30px !important;background-color: #f1f1f1 !important;}&#8221;][vc_column width=&#8221;1\/2&#8243;][mk_image src=&#8221;https:\/\/www.stoptheclot.org\/spreadtheword\/wp-content\/uploads\/2015\/01\/leg-arm-icon.png&#8221; image_size=&#8221;full&#8221; align=&#8221;center&#8221;][vc_column_text css=&#8221;.vc_custom_1600461358277{margin-bottom: 0px !important;}&#8221;]\n<p style=\"text-align: center;\">Co\u00e1gulos de sangre en la pierna o el brazo<\/p>\n<p style=\"text-align: center;\"><strong>LLAME AL M\u00c9DICO TAN PRONTO COMO PUEDA.<\/strong><\/p>\n<p style=\"text-align: center;\">\u2013 Hinchaz\u00f3n de la pierna o el brazo<br \/>\n\u2013 Dolor o sensibilidad que no son causados por una lesi\u00f3n<br \/>\n\u2013 Piel que se siente caliente al tacto<br \/>\n\u2013 Enrojecimiento o descoloraci\u00f3n de la piel<\/p>\n[\/vc_column_text][\/vc_column][vc_column width=&#8221;1\/2&#8243;][mk_image src=&#8221;https:\/\/www.stoptheclot.org\/spreadtheword\/wp-content\/uploads\/2015\/01\/lungs-icon-e1423093079194.png&#8221; image_size=&#8221;full&#8221; align=&#8221;center&#8221;][vc_column_text css=&#8221;.vc_custom_1600461407541{margin-bottom: 0px !important;}&#8221;]\n<p style=\"text-align: center;\">Co\u00e1gulos de sangre en los pulmones<\/p>\n<p style=\"text-align: center;\"><strong>BUSQUE ATENCI\u00d3N M\u00c9DICA DE INMEDIATO.<\/strong><\/p>\n<p style=\"text-align: center;\">\u2013 Dificultad para respirar<br \/>\n\u2013 Dolor en el pecho, que empeora con una inhalaci\u00f3n profunda<br \/>\n\u2013 Toser o toser con sangre<br \/>\n\u2013 Latidos del coraz\u00f3n m\u00e1s r\u00e1pidos de lo normal o irregulares<\/p>\n[\/vc_column_text][\/vc_column][\/vc_row][vc_row css=&#8221;.vc_custom_1565114602285{margin-bottom: 30px !important;background-color: #af1f2d !important;}&#8221;][vc_column][mk_fancy_title color=&#8221;#ffffff&#8221; size=&#8221;28&#8243; margin_top=&#8221;18&#8243; margin_bottom=&#8221;0&#8243; font_family=&#8221;none&#8221; align=&#8221;center&#8221;]Para informarse m\u00e1s sobre los co\u00e1gulos de sangre y para correr la voz, visite<br \/>\n<a href=\"https:\/\/stoptheclot.org\/spreadtheword\"><span style=\"color: #ffffff;\">stoptheclot.org\/spreadtheword<\/span><\/a>.[\/mk_fancy_title][\/vc_column][\/vc_row]\n","protected":false},"excerpt":{"rendered":"<p>[vc_row css=&#8221;.vc_custom_1565108755911{margin-top: 30px !important;}&#8221;][vc_column][mk_fancy_title tag_name=&#8221;span&#8221; margin_bottom=&#8221;0&#8243; font_family=&#8221;none&#8221;]Descargar\u00a0[PDF \u2013 664 KB][\/mk_fancy_title][\/vc_column][\/vc_row][vc_row css=&#8221;.vc_custom_1595874318922{margin-top: 20px !important;margin-bottom: 30px !important;background-color: #af1f2d !important;}&#8221;][vc_column][mk_image src=&#8221;https:\/\/www.stoptheclot.org\/spreadtheword\/wp-content\/uploads\/2020\/10\/stop-the-clot-spread-the-word-banner-spanish.png&#8221; image_size=&#8221;full&#8221; margin_bottom=&#8221;0&#8243;][\/vc_column][\/vc_row][vc_row][vc_column width=&#8221;1\/4&#8243;][mk_image src=&#8221;https:\/\/www.stoptheclot.org\/spreadtheword\/wp-content\/uploads\/2020\/07\/hospitalization-icon.png&#8221; image_size=&#8221;full&#8221; align=&#8221;center&#8221; margin_bottom=&#8221;0&#8243;][\/vc_column][vc_column width=&#8221;3\/4&#8243;][mk_fancy_title tag_name=&#8221;h1&#8243; color=&#8221;#454545&#8243; size=&#8221;48&#8243; font_weight=&#8221;900&#8243; txt_transform=&#8221;uppercase&#8221; margin_bottom=&#8221;0&#8243; font_family=&#8221;none&#8221; align=&#8221;center&#8221;] Hospitalizaci\u00f3n: [\/mk_fancy_title][mk_fancy_title color=&#8221;#0a0a0a&#8221; size=&#8221;22&#8243; margin_bottom=&#8221;0&#8243; font_family=&#8221;none&#8221; align=&#8221;center&#8221;]Un gran factor de riesgo de tener co\u00e1gulos de sangre peligrosos[\/mk_fancy_title][\/vc_column][\/vc_row][vc_row css=&#8221;.vc_custom_1595876520291{margin-top: 30px !important;margin-bottom: 30px [&hellip;]<\/p>\n","protected":false},"author":2,"featured_media":0,"parent":0,"menu_order":0,"comment_status":"closed","ping_status":"closed","template":"","meta":[],"acf":[],"yoast_head":"<!-- This site is optimized with the Yoast SEO plugin v19.6.1 - https:\/\/yoast.com\/wordpress\/plugins\/seo\/ -->\n<title>Hospitalizaci\u00f3n infograf\u00eda - Stop The Clot, Spread The Word\u00ae<\/title>\n<meta name=\"robots\" content=\"index, follow, max-snippet:-1, max-image-preview:large, max-video-preview:-1\" \/>\n<link rel=\"canonical\" href=\"https:\/\/www.stoptheclot.org\/spreadtheword\/hospitalization-infographic-2\/\" \/>\n<meta property=\"og:locale\" content=\"en_US\" \/>\n<meta property=\"og:type\" content=\"article\" \/>\n<meta property=\"og:title\" content=\"Hospitalizaci\u00f3n infograf\u00eda - Stop The Clot, Spread The Word\u00ae\" \/>\n<meta property=\"og:description\" content=\"[vc_row css=&#8221;.vc_custom_1565108755911{margin-top: 30px !important;}&#8221;][vc_column][mk_fancy_title tag_name=&#8221;span&#8221; margin_bottom=&#8221;0&#8243; font_family=&#8221;none&#8221;]Descargar\u00a0[PDF \u2013 664 KB][\/mk_fancy_title][\/vc_column][\/vc_row][vc_row css=&#8221;.vc_custom_1595874318922{margin-top: 20px !important;margin-bottom: 30px !important;background-color: #af1f2d !important;}&#8221;][vc_column][mk_image src=&#8221;https:\/\/www.stoptheclot.org\/spreadtheword\/wp-content\/uploads\/2020\/10\/stop-the-clot-spread-the-word-banner-spanish.png&#8221; image_size=&#8221;full&#8221; margin_bottom=&#8221;0&#8243;][\/vc_column][\/vc_row][vc_row][vc_column width=&#8221;1\/4&#8243;][mk_image src=&#8221;https:\/\/www.stoptheclot.org\/spreadtheword\/wp-content\/uploads\/2020\/07\/hospitalization-icon.png&#8221; image_size=&#8221;full&#8221; align=&#8221;center&#8221; margin_bottom=&#8221;0&#8243;][\/vc_column][vc_column width=&#8221;3\/4&#8243;][mk_fancy_title tag_name=&#8221;h1&#8243; color=&#8221;#454545&#8243; size=&#8221;48&#8243; font_weight=&#8221;900&#8243; txt_transform=&#8221;uppercase&#8221; margin_bottom=&#8221;0&#8243; font_family=&#8221;none&#8221; align=&#8221;center&#8221;] Hospitalizaci\u00f3n: [\/mk_fancy_title][mk_fancy_title color=&#8221;#0a0a0a&#8221; size=&#8221;22&#8243; margin_bottom=&#8221;0&#8243; font_family=&#8221;none&#8221; align=&#8221;center&#8221;]Un gran factor de riesgo de tener co\u00e1gulos de sangre peligrosos[\/mk_fancy_title][\/vc_column][\/vc_row][vc_row css=&#8221;.vc_custom_1595876520291{margin-top: 30px !important;margin-bottom: 30px [&hellip;]\" \/>\n<meta property=\"og:url\" content=\"https:\/\/www.stoptheclot.org\/spreadtheword\/hospitalization-infographic-2\/\" \/>\n<meta property=\"og:site_name\" content=\"Stop The Clot, Spread The Word\u00ae\" \/>\n<meta property=\"article:modified_time\" content=\"2020-10-01T19:37:13+00:00\" \/>\n<meta name=\"twitter:label1\" content=\"Est. reading time\" \/>\n\t<meta name=\"twitter:data1\" content=\"8 minutes\" \/>\n<script type=\"application\/ld+json\" class=\"yoast-schema-graph\">{\"@context\":\"https:\/\/schema.org\",\"@graph\":[{\"@type\":\"WebPage\",\"@id\":\"https:\/\/www.stoptheclot.org\/spreadtheword\/hospitalization-infographic-2\/\",\"url\":\"https:\/\/www.stoptheclot.org\/spreadtheword\/hospitalization-infographic-2\/\",\"name\":\"Hospitalizaci\u00f3n infograf\u00eda - Stop The Clot, Spread The Word\u00ae\",\"isPartOf\":{\"@id\":\"https:\/\/www.stoptheclot.org\/spreadtheword\/#website\"},\"datePublished\":\"2020-09-18T20:25:40+00:00\",\"dateModified\":\"2020-10-01T19:37:13+00:00\",\"breadcrumb\":{\"@id\":\"https:\/\/www.stoptheclot.org\/spreadtheword\/hospitalization-infographic-2\/#breadcrumb\"},\"inLanguage\":\"en-US\",\"potentialAction\":[{\"@type\":\"ReadAction\",\"target\":[\"https:\/\/www.stoptheclot.org\/spreadtheword\/hospitalization-infographic-2\/\"]}]},{\"@type\":\"BreadcrumbList\",\"@id\":\"https:\/\/www.stoptheclot.org\/spreadtheword\/hospitalization-infographic-2\/#breadcrumb\",\"itemListElement\":[{\"@type\":\"ListItem\",\"position\":1,\"name\":\"Home\",\"item\":\"https:\/\/www.stoptheclot.org\/spreadtheword\/\"},{\"@type\":\"ListItem\",\"position\":2,\"name\":\"Hospitalizaci\u00f3n infograf\u00eda\"}]},{\"@type\":\"WebSite\",\"@id\":\"https:\/\/www.stoptheclot.org\/spreadtheword\/#website\",\"url\":\"https:\/\/www.stoptheclot.org\/spreadtheword\/\",\"name\":\"Stop The Clot, Spread The Word\u00ae\",\"description\":\"\",\"potentialAction\":[{\"@type\":\"SearchAction\",\"target\":{\"@type\":\"EntryPoint\",\"urlTemplate\":\"https:\/\/www.stoptheclot.org\/spreadtheword\/?s={search_term_string}\"},\"query-input\":\"required name=search_term_string\"}],\"inLanguage\":\"en-US\"}]}<\/script>\n<!-- \/ Yoast SEO plugin. -->","yoast_head_json":{"title":"Hospitalizaci\u00f3n infograf\u00eda - Stop The Clot, Spread The Word\u00ae","robots":{"index":"index","follow":"follow","max-snippet":"max-snippet:-1","max-image-preview":"max-image-preview:large","max-video-preview":"max-video-preview:-1"},"canonical":"https:\/\/www.stoptheclot.org\/spreadtheword\/hospitalization-infographic-2\/","og_locale":"en_US","og_type":"article","og_title":"Hospitalizaci\u00f3n infograf\u00eda - Stop The Clot, Spread The Word\u00ae","og_description":"[vc_row css=&#8221;.vc_custom_1565108755911{margin-top: 30px !important;}&#8221;][vc_column][mk_fancy_title tag_name=&#8221;span&#8221; margin_bottom=&#8221;0&#8243; font_family=&#8221;none&#8221;]Descargar\u00a0[PDF \u2013 664 KB][\/mk_fancy_title][\/vc_column][\/vc_row][vc_row css=&#8221;.vc_custom_1595874318922{margin-top: 20px !important;margin-bottom: 30px !important;background-color: #af1f2d !important;}&#8221;][vc_column][mk_image src=&#8221;https:\/\/www.stoptheclot.org\/spreadtheword\/wp-content\/uploads\/2020\/10\/stop-the-clot-spread-the-word-banner-spanish.png&#8221; image_size=&#8221;full&#8221; margin_bottom=&#8221;0&#8243;][\/vc_column][\/vc_row][vc_row][vc_column width=&#8221;1\/4&#8243;][mk_image src=&#8221;https:\/\/www.stoptheclot.org\/spreadtheword\/wp-content\/uploads\/2020\/07\/hospitalization-icon.png&#8221; image_size=&#8221;full&#8221; align=&#8221;center&#8221; margin_bottom=&#8221;0&#8243;][\/vc_column][vc_column width=&#8221;3\/4&#8243;][mk_fancy_title tag_name=&#8221;h1&#8243; color=&#8221;#454545&#8243; size=&#8221;48&#8243; font_weight=&#8221;900&#8243; txt_transform=&#8221;uppercase&#8221; margin_bottom=&#8221;0&#8243; font_family=&#8221;none&#8221; align=&#8221;center&#8221;] Hospitalizaci\u00f3n: [\/mk_fancy_title][mk_fancy_title color=&#8221;#0a0a0a&#8221; size=&#8221;22&#8243; margin_bottom=&#8221;0&#8243; font_family=&#8221;none&#8221; align=&#8221;center&#8221;]Un gran factor de riesgo de tener co\u00e1gulos de sangre peligrosos[\/mk_fancy_title][\/vc_column][\/vc_row][vc_row css=&#8221;.vc_custom_1595876520291{margin-top: 30px !important;margin-bottom: 30px [&hellip;]","og_url":"https:\/\/www.stoptheclot.org\/spreadtheword\/hospitalization-infographic-2\/","og_site_name":"Stop The Clot, Spread The Word\u00ae","article_modified_time":"2020-10-01T19:37:13+00:00","twitter_misc":{"Est. reading time":"8 minutes"},"schema":{"@context":"https:\/\/schema.org","@graph":[{"@type":"WebPage","@id":"https:\/\/www.stoptheclot.org\/spreadtheword\/hospitalization-infographic-2\/","url":"https:\/\/www.stoptheclot.org\/spreadtheword\/hospitalization-infographic-2\/","name":"Hospitalizaci\u00f3n infograf\u00eda - Stop The Clot, Spread The Word\u00ae","isPartOf":{"@id":"https:\/\/www.stoptheclot.org\/spreadtheword\/#website"},"datePublished":"2020-09-18T20:25:40+00:00","dateModified":"2020-10-01T19:37:13+00:00","breadcrumb":{"@id":"https:\/\/www.stoptheclot.org\/spreadtheword\/hospitalization-infographic-2\/#breadcrumb"},"inLanguage":"en-US","potentialAction":[{"@type":"ReadAction","target":["https:\/\/www.stoptheclot.org\/spreadtheword\/hospitalization-infographic-2\/"]}]},{"@type":"BreadcrumbList","@id":"https:\/\/www.stoptheclot.org\/spreadtheword\/hospitalization-infographic-2\/#breadcrumb","itemListElement":[{"@type":"ListItem","position":1,"name":"Home","item":"https:\/\/www.stoptheclot.org\/spreadtheword\/"},{"@type":"ListItem","position":2,"name":"Hospitalizaci\u00f3n infograf\u00eda"}]},{"@type":"WebSite","@id":"https:\/\/www.stoptheclot.org\/spreadtheword\/#website","url":"https:\/\/www.stoptheclot.org\/spreadtheword\/","name":"Stop The Clot, Spread The Word\u00ae","description":"","potentialAction":[{"@type":"SearchAction","target":{"@type":"EntryPoint","urlTemplate":"https:\/\/www.stoptheclot.org\/spreadtheword\/?s={search_term_string}"},"query-input":"required name=search_term_string"}],"inLanguage":"en-US"}]}},"_links":{"self":[{"href":"https:\/\/www.stoptheclot.org\/spreadtheword\/wp-json\/wp\/v2\/pages\/2216"}],"collection":[{"href":"https:\/\/www.stoptheclot.org\/spreadtheword\/wp-json\/wp\/v2\/pages"}],"about":[{"href":"https:\/\/www.stoptheclot.org\/spreadtheword\/wp-json\/wp\/v2\/types\/page"}],"author":[{"embeddable":true,"href":"https:\/\/www.stoptheclot.org\/spreadtheword\/wp-json\/wp\/v2\/users\/2"}],"replies":[{"embeddable":true,"href":"https:\/\/www.stoptheclot.org\/spreadtheword\/wp-json\/wp\/v2\/comments?post=2216"}],"version-history":[{"count":8,"href":"https:\/\/www.stoptheclot.org\/spreadtheword\/wp-json\/wp\/v2\/pages\/2216\/revisions"}],"predecessor-version":[{"id":2268,"href":"https:\/\/www.stoptheclot.org\/spreadtheword\/wp-json\/wp\/v2\/pages\/2216\/revisions\/2268"}],"wp:attachment":[{"href":"https:\/\/www.stoptheclot.org\/spreadtheword\/wp-json\/wp\/v2\/media?parent=2216"}],"curies":[{"name":"wp","href":"https:\/\/api.w.org\/{rel}","templated":true}]}}