{"id":2211,"date":"2020-09-18T15:19:24","date_gmt":"2020-09-18T20:19:24","guid":{"rendered":"https:\/\/www.stoptheclot.org\/spreadtheword\/?page_id=2211"},"modified":"2020-10-01T09:45:11","modified_gmt":"2020-10-01T14:45:11","slug":"hospitalization-risk-factors-checklist-2","status":"publish","type":"page","link":"https:\/\/www.stoptheclot.org\/spreadtheword\/hospitalization-risk-factors-checklist-2\/","title":{"rendered":"Hospitalizaci\u00f3n lista de verificaci\u00f3n de los factores de riesgo de los co\u00e1gulos sangu\u00edneos"},"content":{"rendered":"[vc_row css=&#8221;.vc_custom_1565108755911{margin-top: 30px !important;}&#8221;][vc_column][mk_fancy_title tag_name=&#8221;span&#8221; margin_bottom=&#8221;0&#8243; font_family=&#8221;none&#8221;]<a href=\"https:\/\/www.stoptheclot.org\/spreadtheword\/wp-content\/uploads\/2018\/04\/riskfactors-checklist-spanish.pdf\" target=\"_blank\" rel=\"noopener noreferrer\">Descargar<\/a>\u00a0<span class=\"file-details\">[PDF \u2013 635 KB]<\/span>[\/mk_fancy_title][\/vc_column][\/vc_row][vc_row css=&#8221;.vc_custom_1565707657804{margin-top: 20px !important;background-color: #ffffff !important;}&#8221;][vc_column][mk_image src=&#8221;https:\/\/www.stoptheclot.org\/spreadtheword\/wp-content\/uploads\/2020\/07\/stcsptw-header.jpg&#8221; image_size=&#8221;full&#8221; margin_bottom=&#8221;0&#8243;][\/vc_column][\/vc_row][vc_row css=&#8221;.vc_custom_1595878134045{padding-top: 30px !important;padding-right: 30px !important;padding-left: 30px !important;background-color: #ffffff !important;}&#8221;][vc_column][mk_fancy_title tag_name=&#8221;h1&#8243; color=&#8221;#a31111&#8243; size=&#8221;40&#8243; font_weight=&#8221;400&#8243; txt_transform=&#8221;none&#8221; margin_bottom=&#8221;0&#8243; font_family=&#8221;none&#8221; align=&#8221;center&#8221;]\n<p style=\"text-align: center;\">Lista de verificaci\u00f3n de los factores de riesgo de los co\u00e1gulos sangu\u00edneos<\/p>\n[\/mk_fancy_title][vc_column_text align=&#8221;center&#8221; css=&#8221;.vc_custom_1600460178426{margin-bottom: 0px !important;}&#8221;]\n<p style=\"text-align: center;\">A continuaci\u00f3n hay algunos de los factores m\u00e1s comunes de riesgo de tener co\u00e1gulos sangu\u00edneos.<br \/>\nHaga una marca en la casilla junto a cualquiera de los factores de riesgo que podr\u00edan corresponder a su caso.<\/p>\n[\/vc_column_text][\/vc_column][\/vc_row][vc_row css=&#8221;.vc_custom_1565703419970{padding-top: 30px !important;padding-right: 30px !important;padding-bottom: 30px !important;padding-left: 30px !important;background-color: #ffffff !important;}&#8221;][vc_column][mk_custom_list style=&#8221;mk-moon-checkbox-unchecked-2&#8243; icon_color=&#8221;#0a0000&#8243; margin_bottom=&#8221;0&#8243;]\n<ul>\n<li>Hospitalizaci\u00f3n debido a una enfermedad u operaci\u00f3n<\/li>\n<li>Operaci\u00f3n mayor, particularmente de la pelvis, el abdomen, la cadera, la rodilla.<\/li>\n<li>Traumatismo f\u00edsico grave, como una lesi\u00f3n a una vena que pueda haber sido causada por un hueso roto o una lesi\u00f3n muscular grave ocurridos en un accidente automovil\u00edstico.<\/li>\n<li>Operaci\u00f3n de remplazo de cadera o de rodilla.<\/li>\n<li>C\u00e1ncer y tratamientos contra el c\u00e1ncer.<\/li>\n<li>Uso de anticonceptivos que contengan estr\u00f3geno, tales como la p\u00edldora, el parche o el anillo intravaginal.<\/li>\n<li>Embarazo y hasta 3 meses despu\u00e9s de que nazca el beb\u00e9.<\/li>\n<li>Uso de terapia hormonal con estr\u00f3geno.<\/li>\n<li>Antecedentes personales o familiares de co\u00e1gulos de sangre.<\/li>\n<li>Confinamiento por sobrepeso en cama o en silla de ruedas.<\/li>\n<li>Estar demasiado tiempo sentado, especialmente con las piernas cruzadas.<\/li>\n<li>Tabaquismo.<\/li>\n<li>Tener 55 a\u00f1os o m\u00e1s.<\/li>\n<li>Enfermedades de largo plazo como afecciones cardiacas y pulmonares o diabetes.<\/li>\n<\/ul>\n[\/mk_custom_list][\/vc_column][\/vc_row][vc_row css=&#8221;.vc_custom_1565704250220{margin-bottom: 30px !important;background-color: #ffffff !important;}&#8221;][vc_column][mk_fancy_title color=&#8221;#b11f2a&#8221; size=&#8221;20&#8243; margin_top=&#8221;18&#8243; margin_bottom=&#8221;0&#8243; font_family=&#8221;none&#8221; align=&#8221;center&#8221;]Si cualquiera de estos factores de riesgo se aplica a su caso, hable con sus m\u00e9dicos sobre los riesgos potenciales de tener co\u00e1gulos de sangre.<br \/>\n<strong>Para informarse m\u00e1s sobre los co\u00e1gulos de sangre, visite: <a style=\"color: #b11f2a;\" href=\"https:\/\/stoptheclot.org\/spreadtheword\">www.stoptheclot.org\/spreadtheword<\/a>.<\/strong>[\/mk_fancy_title][\/vc_column][\/vc_row]\n","protected":false},"excerpt":{"rendered":"<p>[vc_row css=&#8221;.vc_custom_1565108755911{margin-top: 30px !important;}&#8221;][vc_column][mk_fancy_title tag_name=&#8221;span&#8221; margin_bottom=&#8221;0&#8243; font_family=&#8221;none&#8221;]Descargar\u00a0[PDF \u2013 635 KB][\/mk_fancy_title][\/vc_column][\/vc_row][vc_row css=&#8221;.vc_custom_1565707657804{margin-top: 20px !important;background-color: #ffffff !important;}&#8221;][vc_column][mk_image src=&#8221;https:\/\/www.stoptheclot.org\/spreadtheword\/wp-content\/uploads\/2020\/07\/stcsptw-header.jpg&#8221; image_size=&#8221;full&#8221; margin_bottom=&#8221;0&#8243;][\/vc_column][\/vc_row][vc_row css=&#8221;.vc_custom_1595878134045{padding-top: 30px !important;padding-right: 30px !important;padding-left: 30px !important;background-color: #ffffff !important;}&#8221;][vc_column][mk_fancy_title tag_name=&#8221;h1&#8243; color=&#8221;#a31111&#8243; size=&#8221;40&#8243; font_weight=&#8221;400&#8243; txt_transform=&#8221;none&#8221; margin_bottom=&#8221;0&#8243; font_family=&#8221;none&#8221; align=&#8221;center&#8221;] Lista de verificaci\u00f3n de los factores de riesgo de los co\u00e1gulos sangu\u00edneos [\/mk_fancy_title][vc_column_text align=&#8221;center&#8221; css=&#8221;.vc_custom_1600460178426{margin-bottom: 0px !important;}&#8221;] A continuaci\u00f3n hay [&hellip;]<\/p>\n","protected":false},"author":2,"featured_media":0,"parent":0,"menu_order":0,"comment_status":"closed","ping_status":"closed","template":"","meta":[],"acf":[],"yoast_head":"<!-- This site is optimized with the Yoast SEO plugin v19.6.1 - https:\/\/yoast.com\/wordpress\/plugins\/seo\/ -->\n<title>Hospitalizaci\u00f3n lista de verificaci\u00f3n de los factores de riesgo de los co\u00e1gulos sangu\u00edneos - Stop The Clot, Spread The Word\u00ae<\/title>\n<meta name=\"robots\" content=\"index, follow, max-snippet:-1, max-image-preview:large, max-video-preview:-1\" \/>\n<link rel=\"canonical\" href=\"https:\/\/www.stoptheclot.org\/spreadtheword\/hospitalization-risk-factors-checklist-2\/\" \/>\n<meta property=\"og:locale\" content=\"en_US\" \/>\n<meta property=\"og:type\" content=\"article\" \/>\n<meta property=\"og:title\" content=\"Hospitalizaci\u00f3n lista de verificaci\u00f3n de los factores de riesgo de los co\u00e1gulos sangu\u00edneos - Stop The Clot, Spread The Word\u00ae\" \/>\n<meta property=\"og:description\" content=\"[vc_row css=&#8221;.vc_custom_1565108755911{margin-top: 30px !important;}&#8221;][vc_column][mk_fancy_title tag_name=&#8221;span&#8221; margin_bottom=&#8221;0&#8243; font_family=&#8221;none&#8221;]Descargar\u00a0[PDF \u2013 635 KB][\/mk_fancy_title][\/vc_column][\/vc_row][vc_row css=&#8221;.vc_custom_1565707657804{margin-top: 20px !important;background-color: #ffffff !important;}&#8221;][vc_column][mk_image src=&#8221;https:\/\/www.stoptheclot.org\/spreadtheword\/wp-content\/uploads\/2020\/07\/stcsptw-header.jpg&#8221; image_size=&#8221;full&#8221; margin_bottom=&#8221;0&#8243;][\/vc_column][\/vc_row][vc_row css=&#8221;.vc_custom_1595878134045{padding-top: 30px !important;padding-right: 30px !important;padding-left: 30px !important;background-color: #ffffff !important;}&#8221;][vc_column][mk_fancy_title tag_name=&#8221;h1&#8243; color=&#8221;#a31111&#8243; size=&#8221;40&#8243; font_weight=&#8221;400&#8243; txt_transform=&#8221;none&#8221; margin_bottom=&#8221;0&#8243; font_family=&#8221;none&#8221; align=&#8221;center&#8221;] Lista de verificaci\u00f3n de los factores de riesgo de los co\u00e1gulos sangu\u00edneos [\/mk_fancy_title][vc_column_text align=&#8221;center&#8221; css=&#8221;.vc_custom_1600460178426{margin-bottom: 0px !important;}&#8221;] A continuaci\u00f3n hay [&hellip;]\" \/>\n<meta property=\"og:url\" content=\"https:\/\/www.stoptheclot.org\/spreadtheword\/hospitalization-risk-factors-checklist-2\/\" \/>\n<meta property=\"og:site_name\" content=\"Stop The Clot, Spread The Word\u00ae\" \/>\n<meta property=\"article:modified_time\" content=\"2020-10-01T14:45:11+00:00\" \/>\n<meta name=\"twitter:label1\" content=\"Est. reading time\" \/>\n\t<meta name=\"twitter:data1\" content=\"2 minutes\" \/>\n<script type=\"application\/ld+json\" class=\"yoast-schema-graph\">{\"@context\":\"https:\/\/schema.org\",\"@graph\":[{\"@type\":\"WebPage\",\"@id\":\"https:\/\/www.stoptheclot.org\/spreadtheword\/hospitalization-risk-factors-checklist-2\/\",\"url\":\"https:\/\/www.stoptheclot.org\/spreadtheword\/hospitalization-risk-factors-checklist-2\/\",\"name\":\"Hospitalizaci\u00f3n lista de verificaci\u00f3n de los factores de riesgo de los co\u00e1gulos sangu\u00edneos - Stop The Clot, Spread The Word\u00ae\",\"isPartOf\":{\"@id\":\"https:\/\/www.stoptheclot.org\/spreadtheword\/#website\"},\"datePublished\":\"2020-09-18T20:19:24+00:00\",\"dateModified\":\"2020-10-01T14:45:11+00:00\",\"breadcrumb\":{\"@id\":\"https:\/\/www.stoptheclot.org\/spreadtheword\/hospitalization-risk-factors-checklist-2\/#breadcrumb\"},\"inLanguage\":\"en-US\",\"potentialAction\":[{\"@type\":\"ReadAction\",\"target\":[\"https:\/\/www.stoptheclot.org\/spreadtheword\/hospitalization-risk-factors-checklist-2\/\"]}]},{\"@type\":\"BreadcrumbList\",\"@id\":\"https:\/\/www.stoptheclot.org\/spreadtheword\/hospitalization-risk-factors-checklist-2\/#breadcrumb\",\"itemListElement\":[{\"@type\":\"ListItem\",\"position\":1,\"name\":\"Home\",\"item\":\"https:\/\/www.stoptheclot.org\/spreadtheword\/\"},{\"@type\":\"ListItem\",\"position\":2,\"name\":\"Hospitalizaci\u00f3n lista de verificaci\u00f3n de los factores de riesgo de los co\u00e1gulos sangu\u00edneos\"}]},{\"@type\":\"WebSite\",\"@id\":\"https:\/\/www.stoptheclot.org\/spreadtheword\/#website\",\"url\":\"https:\/\/www.stoptheclot.org\/spreadtheword\/\",\"name\":\"Stop The Clot, Spread The Word\u00ae\",\"description\":\"\",\"potentialAction\":[{\"@type\":\"SearchAction\",\"target\":{\"@type\":\"EntryPoint\",\"urlTemplate\":\"https:\/\/www.stoptheclot.org\/spreadtheword\/?s={search_term_string}\"},\"query-input\":\"required name=search_term_string\"}],\"inLanguage\":\"en-US\"}]}<\/script>\n<!-- \/ Yoast SEO plugin. -->","yoast_head_json":{"title":"Hospitalizaci\u00f3n lista de verificaci\u00f3n de los factores de riesgo de los co\u00e1gulos sangu\u00edneos - Stop The Clot, Spread The Word\u00ae","robots":{"index":"index","follow":"follow","max-snippet":"max-snippet:-1","max-image-preview":"max-image-preview:large","max-video-preview":"max-video-preview:-1"},"canonical":"https:\/\/www.stoptheclot.org\/spreadtheword\/hospitalization-risk-factors-checklist-2\/","og_locale":"en_US","og_type":"article","og_title":"Hospitalizaci\u00f3n lista de verificaci\u00f3n de los factores de riesgo de los co\u00e1gulos sangu\u00edneos - Stop The Clot, Spread The Word\u00ae","og_description":"[vc_row css=&#8221;.vc_custom_1565108755911{margin-top: 30px !important;}&#8221;][vc_column][mk_fancy_title tag_name=&#8221;span&#8221; margin_bottom=&#8221;0&#8243; font_family=&#8221;none&#8221;]Descargar\u00a0[PDF \u2013 635 KB][\/mk_fancy_title][\/vc_column][\/vc_row][vc_row css=&#8221;.vc_custom_1565707657804{margin-top: 20px !important;background-color: #ffffff !important;}&#8221;][vc_column][mk_image src=&#8221;https:\/\/www.stoptheclot.org\/spreadtheword\/wp-content\/uploads\/2020\/07\/stcsptw-header.jpg&#8221; image_size=&#8221;full&#8221; margin_bottom=&#8221;0&#8243;][\/vc_column][\/vc_row][vc_row css=&#8221;.vc_custom_1595878134045{padding-top: 30px !important;padding-right: 30px !important;padding-left: 30px !important;background-color: #ffffff !important;}&#8221;][vc_column][mk_fancy_title tag_name=&#8221;h1&#8243; color=&#8221;#a31111&#8243; size=&#8221;40&#8243; font_weight=&#8221;400&#8243; txt_transform=&#8221;none&#8221; margin_bottom=&#8221;0&#8243; font_family=&#8221;none&#8221; align=&#8221;center&#8221;] Lista de verificaci\u00f3n de los factores de riesgo de los co\u00e1gulos sangu\u00edneos [\/mk_fancy_title][vc_column_text align=&#8221;center&#8221; css=&#8221;.vc_custom_1600460178426{margin-bottom: 0px !important;}&#8221;] A continuaci\u00f3n hay [&hellip;]","og_url":"https:\/\/www.stoptheclot.org\/spreadtheword\/hospitalization-risk-factors-checklist-2\/","og_site_name":"Stop The Clot, Spread The Word\u00ae","article_modified_time":"2020-10-01T14:45:11+00:00","twitter_misc":{"Est. reading time":"2 minutes"},"schema":{"@context":"https:\/\/schema.org","@graph":[{"@type":"WebPage","@id":"https:\/\/www.stoptheclot.org\/spreadtheword\/hospitalization-risk-factors-checklist-2\/","url":"https:\/\/www.stoptheclot.org\/spreadtheword\/hospitalization-risk-factors-checklist-2\/","name":"Hospitalizaci\u00f3n lista de verificaci\u00f3n de los factores de riesgo de los co\u00e1gulos sangu\u00edneos - Stop The Clot, Spread The Word\u00ae","isPartOf":{"@id":"https:\/\/www.stoptheclot.org\/spreadtheword\/#website"},"datePublished":"2020-09-18T20:19:24+00:00","dateModified":"2020-10-01T14:45:11+00:00","breadcrumb":{"@id":"https:\/\/www.stoptheclot.org\/spreadtheword\/hospitalization-risk-factors-checklist-2\/#breadcrumb"},"inLanguage":"en-US","potentialAction":[{"@type":"ReadAction","target":["https:\/\/www.stoptheclot.org\/spreadtheword\/hospitalization-risk-factors-checklist-2\/"]}]},{"@type":"BreadcrumbList","@id":"https:\/\/www.stoptheclot.org\/spreadtheword\/hospitalization-risk-factors-checklist-2\/#breadcrumb","itemListElement":[{"@type":"ListItem","position":1,"name":"Home","item":"https:\/\/www.stoptheclot.org\/spreadtheword\/"},{"@type":"ListItem","position":2,"name":"Hospitalizaci\u00f3n lista de verificaci\u00f3n de los factores de riesgo de los co\u00e1gulos sangu\u00edneos"}]},{"@type":"WebSite","@id":"https:\/\/www.stoptheclot.org\/spreadtheword\/#website","url":"https:\/\/www.stoptheclot.org\/spreadtheword\/","name":"Stop The Clot, Spread The Word\u00ae","description":"","potentialAction":[{"@type":"SearchAction","target":{"@type":"EntryPoint","urlTemplate":"https:\/\/www.stoptheclot.org\/spreadtheword\/?s={search_term_string}"},"query-input":"required name=search_term_string"}],"inLanguage":"en-US"}]}},"_links":{"self":[{"href":"https:\/\/www.stoptheclot.org\/spreadtheword\/wp-json\/wp\/v2\/pages\/2211"}],"collection":[{"href":"https:\/\/www.stoptheclot.org\/spreadtheword\/wp-json\/wp\/v2\/pages"}],"about":[{"href":"https:\/\/www.stoptheclot.org\/spreadtheword\/wp-json\/wp\/v2\/types\/page"}],"author":[{"embeddable":true,"href":"https:\/\/www.stoptheclot.org\/spreadtheword\/wp-json\/wp\/v2\/users\/2"}],"replies":[{"embeddable":true,"href":"https:\/\/www.stoptheclot.org\/spreadtheword\/wp-json\/wp\/v2\/comments?post=2211"}],"version-history":[{"count":4,"href":"https:\/\/www.stoptheclot.org\/spreadtheword\/wp-json\/wp\/v2\/pages\/2211\/revisions"}],"predecessor-version":[{"id":2250,"href":"https:\/\/www.stoptheclot.org\/spreadtheword\/wp-json\/wp\/v2\/pages\/2211\/revisions\/2250"}],"wp:attachment":[{"href":"https:\/\/www.stoptheclot.org\/spreadtheword\/wp-json\/wp\/v2\/media?parent=2211"}],"curies":[{"name":"wp","href":"https:\/\/api.w.org\/{rel}","templated":true}]}}